{"id":1360,"date":"2022-07-28T22:11:01","date_gmt":"2022-07-28T22:11:01","guid":{"rendered":"http:\/\/www.fr.schrevens-michiels-law.be\/?page_id=1360"},"modified":"2025-08-14T06:58:54","modified_gmt":"2025-08-14T06:58:54","slug":"anne-van-ingelgom","status":"publish","type":"page","link":"https:\/\/www.fr.schrevens-michiels-law.be\/?page_id=1360","title":{"rendered":"Chiara Rossi"},"content":{"rendered":"<p><img loading=\"lazy\" decoding=\"async\" class=\"alignleft size-full wp-image-1485\" src=\"http:\/\/www.fr.schrevens-michiels-law.be\/wp-content\/uploads\/2025\/08\/DSC05834-scaled-e1754485187458-244x300-1.jpg\" alt=\"\" width=\"244\" height=\"300\" \/><strong>Me. Rossi<\/strong> a obtenu le dipl\u00f4me de \u201cBachelor en droit\u201d de l&#8217;Universit\u00e9 de Hasselt, puis un \u201cMaster en droit\u201d \u00e0 la m\u00eame universit\u00e9, avec une sp\u00e9cialisation en droit priv\u00e9.<\/p>\n<p>Elle a ensuite obtenu le dipl\u00f4me de \u201cMaster en notariat\u201d de l&#8217;Universit\u00e9 Catholique de Louvain.<\/p>\n<p>Apr\u00e8s ses \u00e9tudes, me. Rossi a d\u00e9but\u00e9 sa carri\u00e8re au barreau de Limbourg, puis a \u00e9t\u00e9 transf\u00e9r\u00e9e au barreau de Louvain en mars 2025. Depuis lors, elle travaille comme avocat au sein du cabinet Schrevens &amp; Michiels.<\/p>\n<p>Elle traite des dossiers en n\u00e9erlandais et anglais.<\/p>\n","protected":false},"excerpt":{"rendered":"<p>Me. Rossi a obtenu le dipl\u00f4me de \u201cBachelor en droit\u201d de l&#8217;Universit\u00e9 de Hasselt, puis un \u201cMaster en droit\u201d \u00e0<\/p>\n","protected":false},"author":2,"featured_media":0,"parent":0,"menu_order":0,"comment_status":"closed","ping_status":"closed","template":"","meta":{"footnotes":""},"class_list":["post-1360","page","type-page","status-publish","hentry"],"_links":{"self":[{"href":"https:\/\/www.fr.schrevens-michiels-law.be\/index.php?rest_route=\/wp\/v2\/pages\/1360","targetHints":{"allow":["GET"]}}],"collection":[{"href":"https:\/\/www.fr.schrevens-michiels-law.be\/index.php?rest_route=\/wp\/v2\/pages"}],"about":[{"href":"https:\/\/www.fr.schrevens-michiels-law.be\/index.php?rest_route=\/wp\/v2\/types\/page"}],"author":[{"embeddable":true,"href":"https:\/\/www.fr.schrevens-michiels-law.be\/index.php?rest_route=\/wp\/v2\/users\/2"}],"replies":[{"embeddable":true,"href":"https:\/\/www.fr.schrevens-michiels-law.be\/index.php?rest_route=%2Fwp%2Fv2%2Fcomments&post=1360"}],"version-history":[{"count":12,"href":"https:\/\/www.fr.schrevens-michiels-law.be\/index.php?rest_route=\/wp\/v2\/pages\/1360\/revisions"}],"predecessor-version":[{"id":1505,"href":"https:\/\/www.fr.schrevens-michiels-law.be\/index.php?rest_route=\/wp\/v2\/pages\/1360\/revisions\/1505"}],"wp:attachment":[{"href":"https:\/\/www.fr.schrevens-michiels-law.be\/index.php?rest_route=%2Fwp%2Fv2%2Fmedia&parent=1360"}],"curies":[{"name":"wp","href":"https:\/\/api.w.org\/{rel}","templated":true}]}}