{"id":1403,"date":"2024-08-10T09:25:26","date_gmt":"2024-08-10T09:25:26","guid":{"rendered":"https:\/\/www.fr.schrevens-michiels-law.be\/?page_id=1403"},"modified":"2025-08-14T06:58:31","modified_gmt":"2025-08-14T06:58:31","slug":"suzanne-delbaere","status":"publish","type":"page","link":"https:\/\/www.fr.schrevens-michiels-law.be\/?page_id=1403","title":{"rendered":"Suzanne Delbare"},"content":{"rendered":"<p><img loading=\"lazy\" decoding=\"async\" class=\"alignleft size-full wp-image-1484\" src=\"http:\/\/www.fr.schrevens-michiels-law.be\/wp-content\/uploads\/2025\/08\/DSC05890-scaled-e1754485264571-223x300-1.jpg\" alt=\"\" width=\"223\" height=\"300\" \/><strong>Me. Delbare<\/strong> a obtenu le dipl\u00f4me de \u201cBachelor en Droit\u201d avec option g\u00e9n\u00e9rale \u00e0 la KU Leuven. Suite \u00e0 cela, elle a obtenu\u00a0 son dipl\u00f4me de \u201cMaster en Droit\u201d avec distinction \u00e0 la m\u00eame universit\u00e9, avec comme majeure le droit priv\u00e9 et comme mineure le droit social.<\/p>\n<p>Apr\u00e8s avoir obtenu son dipl\u00f4me de master, Me. Delbare a d\u00e9cid\u00e9 de suivre les cours de la majeure droit p\u00e9nal ainsi que le cours de droit de la protection de la jeunesse sous forme de contrat de cr\u00e9dit \u00e0 la KU Leuven. Elle a \u00e9galement combin\u00e9 cela avec un cours de \u2018Fran\u00e7ais pour juristes\u2019 organis\u00e9 par l\u2019ILT KU Leuven et reconnu par l\u2019Ordre des Barreaux Flamands. Elle a \u00e9galement travaill\u00e9 pendant cette ann\u00e9e acad\u00e9mique en tant qu&#8217;\u00e9tudiante au cabinet d&#8217;avocats Schrevens &amp; Michiels.<\/p>\n<p>&nbsp;<\/p>\n<p>Me. Delbare est membre du barreau de Louvain et travaille depuis ses \u00e9tudes au cabinet d&#8217;avocats Schrevens &amp; Michiels.<\/p>\n<p>Elle traite des dossiers en n\u00e9erlandais, fran\u00e7ais et anglais.<\/p>\n","protected":false},"excerpt":{"rendered":"<p>Me. Delbare a obtenu le dipl\u00f4me de \u201cBachelor en Droit\u201d avec option g\u00e9n\u00e9rale \u00e0 la KU Leuven. Suite \u00e0 cela,<\/p>\n","protected":false},"author":2,"featured_media":0,"parent":0,"menu_order":0,"comment_status":"closed","ping_status":"closed","template":"","meta":{"footnotes":""},"class_list":["post-1403","page","type-page","status-publish","hentry"],"_links":{"self":[{"href":"https:\/\/www.fr.schrevens-michiels-law.be\/index.php?rest_route=\/wp\/v2\/pages\/1403","targetHints":{"allow":["GET"]}}],"collection":[{"href":"https:\/\/www.fr.schrevens-michiels-law.be\/index.php?rest_route=\/wp\/v2\/pages"}],"about":[{"href":"https:\/\/www.fr.schrevens-michiels-law.be\/index.php?rest_route=\/wp\/v2\/types\/page"}],"author":[{"embeddable":true,"href":"https:\/\/www.fr.schrevens-michiels-law.be\/index.php?rest_route=\/wp\/v2\/users\/2"}],"replies":[{"embeddable":true,"href":"https:\/\/www.fr.schrevens-michiels-law.be\/index.php?rest_route=%2Fwp%2Fv2%2Fcomments&post=1403"}],"version-history":[{"count":11,"href":"https:\/\/www.fr.schrevens-michiels-law.be\/index.php?rest_route=\/wp\/v2\/pages\/1403\/revisions"}],"predecessor-version":[{"id":1504,"href":"https:\/\/www.fr.schrevens-michiels-law.be\/index.php?rest_route=\/wp\/v2\/pages\/1403\/revisions\/1504"}],"wp:attachment":[{"href":"https:\/\/www.fr.schrevens-michiels-law.be\/index.php?rest_route=%2Fwp%2Fv2%2Fmedia&parent=1403"}],"curies":[{"name":"wp","href":"https:\/\/api.w.org\/{rel}","templated":true}]}}