{"id":1459,"date":"2025-08-13T12:29:11","date_gmt":"2025-08-13T12:29:11","guid":{"rendered":"https:\/\/www.fr.schrevens-michiels-law.be\/?page_id=1459"},"modified":"2025-08-13T12:31:15","modified_gmt":"2025-08-13T12:31:15","slug":"vacatures","status":"publish","type":"page","link":"https:\/\/www.fr.schrevens-michiels-law.be\/?page_id=1459","title":{"rendered":"Offres d\u2019emploi"},"content":{"rendered":"<h3 data-start=\"50\" data-end=\"101\"><strong data-start=\"50\" data-end=\"99\">Construisez avec nous un avenir dans le droit<\/strong><\/h3>\n<p data-start=\"103\" data-end=\"475\">Au cabinet d\u2019avocats Schrevens &amp; Michiels, nous sommes toujours \u00e0 la recherche de coll\u00e8gues motiv\u00e9s, curieux et enthousiastes pour renforcer notre \u00e9quipe. Que vous soyez un avocat exp\u00e9riment\u00e9 ou que vous fassiez vos premiers pas apr\u00e8s votre master en droit, nous vous offrons un environnement professionnel et stimulant dans lequel vous pourrez vous \u00e9panouir pleinement.<\/p>\n<h3 data-start=\"482\" data-end=\"505\">Qui sommes-nous ?<\/h3>\n<p data-start=\"507\" data-end=\"619\">Le cabinet d\u2019avocats Schrevens &amp; Michiels est un cabinet dynamique situ\u00e9 au c\u0153ur de Louvain, sp\u00e9cialis\u00e9 dans :<\/p>\n<ul data-start=\"621\" data-end=\"824\">\n<li data-start=\"621\" data-end=\"661\">\n<p data-start=\"623\" data-end=\"661\">Droit des personnes et de la famille<\/p>\n<\/li>\n<li data-start=\"662\" data-end=\"692\">\n<p data-start=\"664\" data-end=\"692\">Droit patrimonial familial<\/p>\n<\/li>\n<li data-start=\"693\" data-end=\"713\">\n<p data-start=\"695\" data-end=\"713\">Droit du travail<\/p>\n<\/li>\n<li data-start=\"714\" data-end=\"756\">\n<p data-start=\"716\" data-end=\"756\">Droit immobilier et droit des affaires<\/p>\n<\/li>\n<li data-start=\"757\" data-end=\"779\">\n<p data-start=\"759\" data-end=\"779\">Droit des soci\u00e9t\u00e9s<\/p>\n<\/li>\n<li data-start=\"780\" data-end=\"824\">\n<p data-start=\"782\" data-end=\"824\">M\u00e9diation en mati\u00e8re familiale et civile<\/p>\n<\/li>\n<\/ul>\n<p data-start=\"826\" data-end=\"1039\">Nous associons expertise juridique et approche personnalis\u00e9e, orient\u00e9e vers la recherche de solutions. La qualit\u00e9, l\u2019int\u00e9grit\u00e9 et une relation \u00e9troite avec nos clients sont au centre de tout ce que nous faisons.<\/p>\n<hr data-start=\"1041\" data-end=\"1044\" \/>\n<p data-start=\"1046\" data-end=\"1176\"><strong data-start=\"1046\" data-end=\"1079\">Vous pensez avoir le profil ?<\/strong><br data-start=\"1079\" data-end=\"1082\" \/>\u2192 Envoyez-nous votre lettre de motivation et votre CV \u00e0 : <strong data-start=\"1140\" data-end=\"1174\"><a class=\"cursor-pointer\" rel=\"noopener\" data-start=\"1142\" data-end=\"1172\">info@schrevens-michiels-law.be<\/a><\/strong><\/p>\n","protected":false},"excerpt":{"rendered":"<p>Construisez avec nous un avenir dans le droit Au cabinet d\u2019avocats Schrevens &amp; Michiels, nous sommes toujours \u00e0 la recherche<\/p>\n","protected":false},"author":3,"featured_media":0,"parent":0,"menu_order":0,"comment_status":"closed","ping_status":"closed","template":"","meta":{"footnotes":""},"class_list":["post-1459","page","type-page","status-publish","hentry"],"_links":{"self":[{"href":"https:\/\/www.fr.schrevens-michiels-law.be\/index.php?rest_route=\/wp\/v2\/pages\/1459","targetHints":{"allow":["GET"]}}],"collection":[{"href":"https:\/\/www.fr.schrevens-michiels-law.be\/index.php?rest_route=\/wp\/v2\/pages"}],"about":[{"href":"https:\/\/www.fr.schrevens-michiels-law.be\/index.php?rest_route=\/wp\/v2\/types\/page"}],"author":[{"embeddable":true,"href":"https:\/\/www.fr.schrevens-michiels-law.be\/index.php?rest_route=\/wp\/v2\/users\/3"}],"replies":[{"embeddable":true,"href":"https:\/\/www.fr.schrevens-michiels-law.be\/index.php?rest_route=%2Fwp%2Fv2%2Fcomments&post=1459"}],"version-history":[{"count":2,"href":"https:\/\/www.fr.schrevens-michiels-law.be\/index.php?rest_route=\/wp\/v2\/pages\/1459\/revisions"}],"predecessor-version":[{"id":1462,"href":"https:\/\/www.fr.schrevens-michiels-law.be\/index.php?rest_route=\/wp\/v2\/pages\/1459\/revisions\/1462"}],"wp:attachment":[{"href":"https:\/\/www.fr.schrevens-michiels-law.be\/index.php?rest_route=%2Fwp%2Fv2%2Fmedia&parent=1459"}],"curies":[{"name":"wp","href":"https:\/\/api.w.org\/{rel}","templated":true}]}}