{"id":1463,"date":"2025-08-13T12:32:45","date_gmt":"2025-08-13T12:32:45","guid":{"rendered":"https:\/\/www.fr.schrevens-michiels-law.be\/?page_id=1463"},"modified":"2025-12-03T14:29:11","modified_gmt":"2025-12-03T14:29:11","slug":"candidature-spontanee","status":"publish","type":"page","link":"https:\/\/www.fr.schrevens-michiels-law.be\/?page_id=1463","title":{"rendered":"Junior Avocat(e) (stagiaire)"},"content":{"rendered":"<p data-start=\"0\" data-end=\"179\">Vous \u00eates \u00e0 la recherche d\u2019une carri\u00e8re passionnante au sein du barreau ? Ou vous \u00eates pr\u00eat(e) pour une reconversion professionnelle dans l\u2019avocature ?<\/p>\n<p data-start=\"181\" data-end=\"487\"><strong>Au cabinet d\u2019avocats Schrevens &amp; Michiels<\/strong>, nous recherchons du renfort dans divers domaines juridiques. Vous n\u2019\u00eates pas encore certain(e) de la branche du droit qui vous int\u00e9resse le plus et vous souhaitez acqu\u00e9rir de l\u2019exp\u00e9rience dans plusieurs mati\u00e8res afin de d\u00e9couvrir ce qui vous correspond vraiment ?<\/p>\n<p data-start=\"489\" data-end=\"810\">Ou au contraire, vous savez d\u00e9j\u00e0 ce qui vous passionne sans limite ? Chez nous, vous pouvez explorer toutes les voies. Nous recherchons un(e) avocat(e) junior (stagiaire) qui partage nos valeurs : <strong>travailler de mani\u00e8re humaine, conseiller avec un solide fondement juridique et penser de fa\u00e7on orient\u00e9e vers des solutions.<\/strong><\/p>\n<p data-start=\"812\" data-end=\"874\"><strong>Vous pourrez acqu\u00e9rir une exp\u00e9rience pratique notamment dans :<\/strong><\/p>\n<p data-start=\"878\" data-end=\"985\">+ Famille &amp; patrimoine (droit des personnes, droit de la famille, droit patrimonial de la famille, m\u00e9diation)<\/p>\n<p data-start=\"989\" data-end=\"1104\">+ Entreprise &amp; contrats (droit commercial et des soci\u00e9t\u00e9s, droit des contrats, recouvrements et droit de l\u2019ex\u00e9cution)<\/p>\n<p data-start=\"1108\" data-end=\"1153\">+ Responsabilit\u00e9 civile et droit des assurances<\/p>\n<p data-start=\"1157\" data-end=\"1227\">+ Immobilier (droit immobilier, droit de la construction, droit locatif)<\/p>\n<p data-start=\"1231\" data-end=\"1290\">+ Circulation (droit de la circulation, gestion des dommages)<\/p>\n<p data-start=\"1294\" data-end=\"1376\">+ Droit du travail &amp; droit social (droit du travail et droit de la s\u00e9curit\u00e9 sociale)<\/p>\n<p data-start=\"1378\" data-end=\"1670\">\u00c9tant donn\u00e9 qu\u2019une partie de nos dossiers se d\u00e9roule dans un contexte francophone, une bonne connaissance du fran\u00e7ais (\u00e0 l\u2019oral et \u00e0 l\u2019\u00e9crit) constitue une importante plus-value. Nous partons \u00e9galement du principe que vous pouvez vous exprimer ais\u00e9ment en anglais, tant \u00e0 l\u2019oral qu\u2019\u00e0 l\u2019\u00e9crit.<\/p>\n<p data-start=\"1672\" data-end=\"1706\"><strong>Que pouvez-vous attendre de nous ?<\/strong><\/p>\n<p data-start=\"1710\" data-end=\"1792\">+ Un environnement de travail jeune et dynamique, avec de la place pour l\u2019initiative<\/p>\n<p data-start=\"1796\" data-end=\"1851\">+ Une approche personnelle et humaine dans chaque dossier<\/p>\n<p data-start=\"1855\" data-end=\"1925\">+ Un accompagnement quotidien par des avocats et m\u00e9diateurs exp\u00e9riment\u00e9s<\/p>\n<p data-start=\"1929\" data-end=\"1954\">+ Des coll\u00e8gues formidables<\/p>\n<p data-start=\"1956\" data-end=\"2001\"><strong>Pensez-vous que vous \u00eates fait(e) pour nous ?<\/strong><\/p>\n<p data-start=\"2003\" data-end=\"2084\">Envoyez votre lettre de motivation et votre CV \u00e0 <a class=\"decorated-link cursor-pointer\" rel=\"noopener\" data-start=\"2052\" data-end=\"2083\">nadia@schrevens-michiels-law.be<\/a>.<\/p>\n<p data-start=\"2086\" data-end=\"2150\" data-is-last-node=\"\" data-is-only-node=\"\">Nous prendrons volontiers le temps de faire votre connaissance !<\/p>\n","protected":false},"excerpt":{"rendered":"<p>Vous \u00eates \u00e0 la recherche d\u2019une carri\u00e8re passionnante au sein du barreau ? Ou vous \u00eates pr\u00eat(e) pour une reconversion<\/p>\n","protected":false},"author":3,"featured_media":0,"parent":0,"menu_order":0,"comment_status":"closed","ping_status":"closed","template":"","meta":{"footnotes":""},"class_list":["post-1463","page","type-page","status-publish","hentry"],"_links":{"self":[{"href":"https:\/\/www.fr.schrevens-michiels-law.be\/index.php?rest_route=\/wp\/v2\/pages\/1463","targetHints":{"allow":["GET"]}}],"collection":[{"href":"https:\/\/www.fr.schrevens-michiels-law.be\/index.php?rest_route=\/wp\/v2\/pages"}],"about":[{"href":"https:\/\/www.fr.schrevens-michiels-law.be\/index.php?rest_route=\/wp\/v2\/types\/page"}],"author":[{"embeddable":true,"href":"https:\/\/www.fr.schrevens-michiels-law.be\/index.php?rest_route=\/wp\/v2\/users\/3"}],"replies":[{"embeddable":true,"href":"https:\/\/www.fr.schrevens-michiels-law.be\/index.php?rest_route=%2Fwp%2Fv2%2Fcomments&post=1463"}],"version-history":[{"count":4,"href":"https:\/\/www.fr.schrevens-michiels-law.be\/index.php?rest_route=\/wp\/v2\/pages\/1463\/revisions"}],"predecessor-version":[{"id":1626,"href":"https:\/\/www.fr.schrevens-michiels-law.be\/index.php?rest_route=\/wp\/v2\/pages\/1463\/revisions\/1626"}],"wp:attachment":[{"href":"https:\/\/www.fr.schrevens-michiels-law.be\/index.php?rest_route=%2Fwp%2Fv2%2Fmedia&parent=1463"}],"curies":[{"name":"wp","href":"https:\/\/api.w.org\/{rel}","templated":true}]}}