{"id":1472,"date":"2025-08-13T12:41:50","date_gmt":"2025-08-13T12:41:50","guid":{"rendered":"https:\/\/www.fr.schrevens-michiels-law.be\/?page_id=1472"},"modified":"2025-08-13T12:50:26","modified_gmt":"2025-08-13T12:50:26","slug":"sandy-robertz","status":"publish","type":"page","link":"https:\/\/www.fr.schrevens-michiels-law.be\/?page_id=1472","title":{"rendered":"Sandy Robertz"},"content":{"rendered":"<p style=\"text-align: left;\"><strong data-start=\"50\" data-end=\"59\"><img loading=\"lazy\" decoding=\"async\" class=\"alignleft size-full wp-image-1473\" src=\"http:\/\/www.fr.schrevens-michiels-law.be\/wp-content\/uploads\/2025\/08\/DSC05812-scaled-e1754485346180-232x300-1.jpg\" alt=\"\" width=\"232\" height=\"300\" \/>Sandy<\/strong> vous accueille chaleureusement et veille \u00e0 ce que vous vous sentiez imm\u00e9diatement chez vous. Elle garde votre dossier parfaitement sur la bonne voie, planifie vos rendez-vous et rend chaque entretien un peu plus agr\u00e9able \u2013 parfois m\u00eame avec un bon caf\u00e9 fra\u00eechement pr\u00e9par\u00e9.<\/p>\n","protected":false},"excerpt":{"rendered":"<p>Sandy vous accueille chaleureusement et veille \u00e0 ce que vous vous sentiez imm\u00e9diatement chez vous. Elle garde votre dossier parfaitement<\/p>\n","protected":false},"author":3,"featured_media":0,"parent":0,"menu_order":0,"comment_status":"closed","ping_status":"closed","template":"","meta":{"footnotes":""},"class_list":["post-1472","page","type-page","status-publish","hentry"],"_links":{"self":[{"href":"https:\/\/www.fr.schrevens-michiels-law.be\/index.php?rest_route=\/wp\/v2\/pages\/1472","targetHints":{"allow":["GET"]}}],"collection":[{"href":"https:\/\/www.fr.schrevens-michiels-law.be\/index.php?rest_route=\/wp\/v2\/pages"}],"about":[{"href":"https:\/\/www.fr.schrevens-michiels-law.be\/index.php?rest_route=\/wp\/v2\/types\/page"}],"author":[{"embeddable":true,"href":"https:\/\/www.fr.schrevens-michiels-law.be\/index.php?rest_route=\/wp\/v2\/users\/3"}],"replies":[{"embeddable":true,"href":"https:\/\/www.fr.schrevens-michiels-law.be\/index.php?rest_route=%2Fwp%2Fv2%2Fcomments&post=1472"}],"version-history":[{"count":3,"href":"https:\/\/www.fr.schrevens-michiels-law.be\/index.php?rest_route=\/wp\/v2\/pages\/1472\/revisions"}],"predecessor-version":[{"id":1489,"href":"https:\/\/www.fr.schrevens-michiels-law.be\/index.php?rest_route=\/wp\/v2\/pages\/1472\/revisions\/1489"}],"wp:attachment":[{"href":"https:\/\/www.fr.schrevens-michiels-law.be\/index.php?rest_route=%2Fwp%2Fv2%2Fmedia&parent=1472"}],"curies":[{"name":"wp","href":"https:\/\/api.w.org\/{rel}","templated":true}]}}