{"id":1476,"date":"2025-08-13T12:43:54","date_gmt":"2025-08-13T12:43:54","guid":{"rendered":"https:\/\/www.fr.schrevens-michiels-law.be\/?page_id=1476"},"modified":"2025-08-14T06:55:42","modified_gmt":"2025-08-14T06:55:42","slug":"cedric-piette","status":"publish","type":"page","link":"https:\/\/www.fr.schrevens-michiels-law.be\/?page_id=1476","title":{"rendered":"C\u00e9dric Piette"},"content":{"rendered":"<p data-start=\"50\" data-end=\"320\">Dans les coulisses, <strong>C\u00e9dric<\/strong> veille \u00e0 ce que le cabinet d\u2019avocats Schrevens &amp; Michiels conserve une image visible, reconnaissable et professionnelle. En tant que responsable marketing et communication, il collabore \u00e9troitement avec l\u2019\u00e9quipe afin de :<\/p>\n<ul data-start=\"322\" data-end=\"486\">\n<li data-start=\"322\" data-end=\"424\">\n<p data-start=\"324\" data-end=\"424\">Optimiser la visibilit\u00e9 et le r\u00e9f\u00e9rencement en ligne (site web, articles de blog, r\u00e9seaux sociaux)<\/p>\n<\/li>\n<li data-start=\"425\" data-end=\"486\">\n<p data-start=\"427\" data-end=\"486\">D\u00e9velopper l\u2019identit\u00e9 visuelle et la strat\u00e9gie de contenu<\/p>\n<\/li>\n<\/ul>\n","protected":false},"excerpt":{"rendered":"<p>Dans les coulisses, C\u00e9dric veille \u00e0 ce que le cabinet d\u2019avocats Schrevens &amp; Michiels conserve une image visible, reconnaissable et<\/p>\n","protected":false},"author":3,"featured_media":0,"parent":0,"menu_order":0,"comment_status":"closed","ping_status":"closed","template":"","meta":{"footnotes":""},"class_list":["post-1476","page","type-page","status-publish","hentry"],"_links":{"self":[{"href":"https:\/\/www.fr.schrevens-michiels-law.be\/index.php?rest_route=\/wp\/v2\/pages\/1476","targetHints":{"allow":["GET"]}}],"collection":[{"href":"https:\/\/www.fr.schrevens-michiels-law.be\/index.php?rest_route=\/wp\/v2\/pages"}],"about":[{"href":"https:\/\/www.fr.schrevens-michiels-law.be\/index.php?rest_route=\/wp\/v2\/types\/page"}],"author":[{"embeddable":true,"href":"https:\/\/www.fr.schrevens-michiels-law.be\/index.php?rest_route=\/wp\/v2\/users\/3"}],"replies":[{"embeddable":true,"href":"https:\/\/www.fr.schrevens-michiels-law.be\/index.php?rest_route=%2Fwp%2Fv2%2Fcomments&post=1476"}],"version-history":[{"count":2,"href":"https:\/\/www.fr.schrevens-michiels-law.be\/index.php?rest_route=\/wp\/v2\/pages\/1476\/revisions"}],"predecessor-version":[{"id":1498,"href":"https:\/\/www.fr.schrevens-michiels-law.be\/index.php?rest_route=\/wp\/v2\/pages\/1476\/revisions\/1498"}],"wp:attachment":[{"href":"https:\/\/www.fr.schrevens-michiels-law.be\/index.php?rest_route=%2Fwp%2Fv2%2Fmedia&parent=1476"}],"curies":[{"name":"wp","href":"https:\/\/api.w.org\/{rel}","templated":true}]}}