{"id":1481,"date":"2025-08-13T12:46:35","date_gmt":"2025-08-13T12:46:35","guid":{"rendered":"https:\/\/www.fr.schrevens-michiels-law.be\/?page_id=1481"},"modified":"2025-08-13T12:46:35","modified_gmt":"2025-08-13T12:46:35","slug":"equipe","status":"publish","type":"page","link":"https:\/\/www.fr.schrevens-michiels-law.be\/?page_id=1481","title":{"rendered":"\u00c9quipe"},"content":{"rendered":"<p data-start=\"50\" data-end=\"334\">Le cabinet d\u2019avocats Schrevens &amp; Michiels est un cabinet \u00e9tabli \u00e0 Louvain, dont le si\u00e8ge social est situ\u00e9 Diestsesteenweg 375\/0001, 3010 Kessel-Lo. Notre cabinet garantit une approche personnelle, de qualit\u00e9 et orient\u00e9e vers des solutions dans divers domaines du droit.<\/p>\n<p data-start=\"336\" data-end=\"713\">Tous les avocats mentionn\u00e9s sur ce site et sur notre papier \u00e0 en-t\u00eate sont reconnus en Belgique et inscrits au barreau de Louvain. En outre, <strong data-start=\"477\" data-end=\"501\">Me Micha\u00ebl Schrevens<\/strong> et <strong data-start=\"505\" data-end=\"526\">Me Nadia Michiels<\/strong> sont \u00e9galement inscrits au barreau de Flandre-Occidentale. Ils sont les administrateurs de la SRL Cabinet d\u2019avocats Schrevens &amp; Michiels, inscrite \u00e0 la BCE sous le num\u00e9ro 0684.693.997.<\/p>\n<p data-start=\"715\" data-end=\"896\">Chaque avocat du cabinet exerce sa profession en son nom propre, mais dans le cadre d\u2019une vision commune de la prestation de services juridiques : impliqu\u00e9e, comp\u00e9tente et claire.<\/p>\n<p data-start=\"898\" data-end=\"1083\">Notre \u00e9quipe est en outre renforc\u00e9e par l\u2019engagement de <strong data-start=\"954\" data-end=\"975\">Mmes Chiara Rossi<\/strong> et <strong data-start=\"979\" data-end=\"998\">Suzanne Delbare<\/strong>, ainsi que par divers collaborateurs externes qui apportent chacun leur expertise.<\/p>\n<p data-start=\"1085\" data-end=\"1540\">Pour la gestion administrative quotidienne, nous pouvons compter sur le soutien fiable de <strong data-start=\"1175\" data-end=\"1192\">Sandy Robertz<\/strong> (secr\u00e9taire). La comptabilit\u00e9 est assur\u00e9e par <strong data-start=\"1239\" data-end=\"1259\">Kris Vanderwegen<\/strong> (expert-comptable certifi\u00e9), <strong data-start=\"1289\" data-end=\"1304\">Jonas Aerts<\/strong> (expert-comptable fiscal certifi\u00e9) et <strong data-start=\"1343\" data-end=\"1367\">Jan-Pieter Nackaerts<\/strong> (gestionnaire de dossiers). L\u2019assistance informatique est assur\u00e9e par <strong data-start=\"1438\" data-end=\"1457\">Ludo Van Gelder<\/strong>. Pour le marketing et la communication, nous collaborons avec <strong data-start=\"1520\" data-end=\"1537\">C\u00e9dric Piette<\/strong>.<\/p>\n<p data-start=\"1542\" data-end=\"1680\">Ensemble, nous formons une \u00e9quipe soud\u00e9e avec un seul objectif : vous fournir des conseils juridiques clairs et des solutions efficaces.<\/p>\n","protected":false},"excerpt":{"rendered":"<p>Le cabinet d\u2019avocats Schrevens &amp; Michiels est un cabinet \u00e9tabli \u00e0 Louvain, dont le si\u00e8ge social est situ\u00e9 Diestsesteenweg 375\/0001,<\/p>\n","protected":false},"author":3,"featured_media":0,"parent":0,"menu_order":0,"comment_status":"closed","ping_status":"closed","template":"","meta":{"footnotes":""},"class_list":["post-1481","page","type-page","status-publish","hentry"],"_links":{"self":[{"href":"https:\/\/www.fr.schrevens-michiels-law.be\/index.php?rest_route=\/wp\/v2\/pages\/1481","targetHints":{"allow":["GET"]}}],"collection":[{"href":"https:\/\/www.fr.schrevens-michiels-law.be\/index.php?rest_route=\/wp\/v2\/pages"}],"about":[{"href":"https:\/\/www.fr.schrevens-michiels-law.be\/index.php?rest_route=\/wp\/v2\/types\/page"}],"author":[{"embeddable":true,"href":"https:\/\/www.fr.schrevens-michiels-law.be\/index.php?rest_route=\/wp\/v2\/users\/3"}],"replies":[{"embeddable":true,"href":"https:\/\/www.fr.schrevens-michiels-law.be\/index.php?rest_route=%2Fwp%2Fv2%2Fcomments&post=1481"}],"version-history":[{"count":1,"href":"https:\/\/www.fr.schrevens-michiels-law.be\/index.php?rest_route=\/wp\/v2\/pages\/1481\/revisions"}],"predecessor-version":[{"id":1482,"href":"https:\/\/www.fr.schrevens-michiels-law.be\/index.php?rest_route=\/wp\/v2\/pages\/1481\/revisions\/1482"}],"wp:attachment":[{"href":"https:\/\/www.fr.schrevens-michiels-law.be\/index.php?rest_route=%2Fwp%2Fv2%2Fmedia&parent=1481"}],"curies":[{"name":"wp","href":"https:\/\/api.w.org\/{rel}","templated":true}]}}