{"id":1507,"date":"2025-08-14T07:02:52","date_gmt":"2025-08-14T07:02:52","guid":{"rendered":"https:\/\/www.fr.schrevens-michiels-law.be\/?page_id=1507"},"modified":"2025-08-14T07:54:03","modified_gmt":"2025-08-14T07:54:03","slug":"notre-offre","status":"publish","type":"page","link":"https:\/\/www.fr.schrevens-michiels-law.be\/?page_id=1507","title":{"rendered":"Notre offre"},"content":{"rendered":"<p data-start=\"69\" data-end=\"400\">Au cabinet d\u2019avocats Schrevens &amp; Michiels, nous combinons expertise juridique et approche centr\u00e9e sur l\u2019humain.<br data-start=\"180\" data-end=\"183\" \/>Nous accompagnons particuliers, entrepreneurs et familles dans des situations vari\u00e9es, allant des questions familiales aux litiges commerciaux. Toujours avec clart\u00e9, efficacit\u00e9 et en gardant un \u0153il sur votre avenir.<\/p>\n<p data-start=\"402\" data-end=\"544\">Vous pouvez faire appel \u00e0 nous pour des conseils, de la m\u00e9diation ou un accompagnement proc\u00e9dural dans les domaines suivants, entre autres :<\/p>\n<ul data-start=\"546\" data-end=\"983\">\n<li data-start=\"546\" data-end=\"569\">\n<p data-start=\"548\" data-end=\"569\"><a href=\"https:\/\/www.fr.schrevens-michiels-law.be\/?page_id=1536\" target=\"_blank\" rel=\"noopener\">Droit de la famille<\/a><\/p>\n<\/li>\n<li data-start=\"570\" data-end=\"600\">\n<p data-start=\"572\" data-end=\"600\"><a href=\"https:\/\/www.fr.schrevens-michiels-law.be\/?page_id=1536\" target=\"_blank\" rel=\"noopener\">Droit patrimonial familial<\/a><\/p>\n<\/li>\n<li data-start=\"601\" data-end=\"647\">\n<p data-start=\"603\" data-end=\"647\"><a href=\"https:\/\/www.fr.schrevens-michiels-law.be\/?page_id=1513\" target=\"_blank\" rel=\"noopener\">Droit du travail et de la s\u00e9curit\u00e9 sociale<\/a><\/p>\n<\/li>\n<li data-start=\"648\" data-end=\"711\">\n<p data-start=\"650\" data-end=\"711\"><a href=\"https:\/\/www.fr.schrevens-michiels-law.be\/?page_id=1520\" target=\"_blank\" rel=\"noopener\">Droit immobilier, droit du bail et droit de la construction<\/a><\/p>\n<\/li>\n<li data-start=\"712\" data-end=\"760\">\n<p data-start=\"714\" data-end=\"760\"><a href=\"https:\/\/www.fr.schrevens-michiels-law.be\/?page_id=1548\" target=\"_blank\" rel=\"noopener\">Droit des assurances et de la responsabilit\u00e9<\/a><\/p>\n<\/li>\n<li data-start=\"761\" data-end=\"797\">\n<p data-start=\"763\" data-end=\"797\"><a href=\"https:\/\/www.fr.schrevens-michiels-law.be\/?page_id=1548\" target=\"_blank\" rel=\"noopener\">Droit commercial et des soci\u00e9t\u00e9s<\/a><\/p>\n<\/li>\n<li data-start=\"798\" data-end=\"835\">\n<p data-start=\"800\" data-end=\"835\"><a href=\"https:\/\/www.fr.schrevens-michiels-law.be\/?page_id=1548\" target=\"_blank\" rel=\"noopener\">Droit des contrats et des s\u00fbret\u00e9s<\/a><\/p>\n<\/li>\n<li data-start=\"836\" data-end=\"875\">\n<p data-start=\"838\" data-end=\"875\"><a href=\"https:\/\/www.fr.schrevens-michiels-law.be\/?page_id=1548\" target=\"_blank\" rel=\"noopener\">Pratiques du commerce et e-commerce<\/a><\/p>\n<\/li>\n<li data-start=\"876\" data-end=\"929\">\n<p data-start=\"878\" data-end=\"929\"><a href=\"https:\/\/www.fr.schrevens-michiels-law.be\/?page_id=1548\" target=\"_blank\" rel=\"noopener\">Droit de l\u2019informatique et des t\u00e9l\u00e9communications<\/a><\/p>\n<\/li>\n<li data-start=\"930\" data-end=\"983\">\n<p data-start=\"932\" data-end=\"983\"><a href=\"https:\/\/www.fr.schrevens-michiels-law.be\/?page_id=1520\" target=\"_blank\" rel=\"noopener\">Droit de la circulation routi\u00e8re<\/a> et <a href=\"https:\/\/www.fr.schrevens-michiels-law.be\/?page_id=1548\" target=\"_blank\" rel=\"noopener\">recouvrements<\/a><\/p>\n<\/li>\n<\/ul>\n<p data-start=\"985\" data-end=\"1267\">Notre approche est orient\u00e9e vers les solutions, impliqu\u00e9e et toujours adapt\u00e9e \u00e0 votre situation concr\u00e8te.<br data-start=\"1090\" data-end=\"1093\" \/><strong data-start=\"1093\" data-end=\"1114\">Me Nadia Michiels<\/strong> est en outre <a href=\"https:\/\/www.fr.schrevens-michiels-law.be\/?page_id=235\">m\u00e9diatrice agr\u00e9\u00e9e<\/a> en affaires familiales, ce qui nous permet d\u2019offrir une alternative humaine aux proc\u00e9dures judiciaires dans ce domaine.<\/p>\n<p data-start=\"1269\" data-end=\"1462\">Vous ne savez pas avec certitude de quel domaine juridique rel\u00e8ve votre question ?<br data-start=\"1351\" data-end=\"1354\" \/>N\u2019h\u00e9sitez pas \u00e0 nous <a href=\"https:\/\/www.fr.schrevens-michiels-law.be\/?page_id=64\">contacter<\/a> \u2014 nous sommes \u00e0 votre \u00e9coute et vous accompagnons en toute confidentialit\u00e9.<\/p>\n","protected":false},"excerpt":{"rendered":"<p>Au cabinet d\u2019avocats Schrevens &amp; Michiels, nous combinons expertise juridique et approche centr\u00e9e sur l\u2019humain.Nous accompagnons particuliers, entrepreneurs et familles<\/p>\n","protected":false},"author":3,"featured_media":0,"parent":0,"menu_order":0,"comment_status":"closed","ping_status":"closed","template":"","meta":{"footnotes":""},"class_list":["post-1507","page","type-page","status-publish","hentry"],"_links":{"self":[{"href":"https:\/\/www.fr.schrevens-michiels-law.be\/index.php?rest_route=\/wp\/v2\/pages\/1507","targetHints":{"allow":["GET"]}}],"collection":[{"href":"https:\/\/www.fr.schrevens-michiels-law.be\/index.php?rest_route=\/wp\/v2\/pages"}],"about":[{"href":"https:\/\/www.fr.schrevens-michiels-law.be\/index.php?rest_route=\/wp\/v2\/types\/page"}],"author":[{"embeddable":true,"href":"https:\/\/www.fr.schrevens-michiels-law.be\/index.php?rest_route=\/wp\/v2\/users\/3"}],"replies":[{"embeddable":true,"href":"https:\/\/www.fr.schrevens-michiels-law.be\/index.php?rest_route=%2Fwp%2Fv2%2Fcomments&post=1507"}],"version-history":[{"count":3,"href":"https:\/\/www.fr.schrevens-michiels-law.be\/index.php?rest_route=\/wp\/v2\/pages\/1507\/revisions"}],"predecessor-version":[{"id":1586,"href":"https:\/\/www.fr.schrevens-michiels-law.be\/index.php?rest_route=\/wp\/v2\/pages\/1507\/revisions\/1586"}],"wp:attachment":[{"href":"https:\/\/www.fr.schrevens-michiels-law.be\/index.php?rest_route=%2Fwp%2Fv2%2Fmedia&parent=1507"}],"curies":[{"name":"wp","href":"https:\/\/api.w.org\/{rel}","templated":true}]}}