{"id":1510,"date":"2025-08-14T07:08:06","date_gmt":"2025-08-14T07:08:06","guid":{"rendered":"https:\/\/www.fr.schrevens-michiels-law.be\/?page_id=1510"},"modified":"2025-08-14T07:09:06","modified_gmt":"2025-08-14T07:09:06","slug":"domaines-de-pratique","status":"publish","type":"page","link":"https:\/\/www.fr.schrevens-michiels-law.be\/?page_id=1510","title":{"rendered":"Domaines de pratique"},"content":{"rendered":"<p data-start=\"78\" data-end=\"387\">Au cabinet d\u2019avocats Schrevens &amp; Michiels, nous aspirons \u00e0 \u00eatre bien plus qu\u2019un simple r\u00e9solveur de probl\u00e8mes. Nous voulons \u00eatre un v\u00e9ritable partenaire pour nos clients \u2014 non seulement dans le r\u00e8glement des litiges, mais surtout dans la fourniture de conseils juridiques clairs, pr\u00e9ventifs et strat\u00e9giques.<\/p>\n<p data-start=\"389\" data-end=\"549\">Nous sommes un cabinet <a href=\"https:\/\/www.fr.schrevens-michiels-law.be\/?page_id=1507\"><strong data-start=\"412\" data-end=\"428\">full service<\/strong><\/a>, o\u00f9 vous pouvez vous adresser pour toutes vos questions ou d\u00e9fis juridiques, tant au niveau national qu\u2019international.<\/p>\n<p data-start=\"551\" data-end=\"1011\">Notre cabinet est ouvert aussi bien aux particuliers qu\u2019aux entreprises et dispose de l\u2019expertise et de l\u2019exp\u00e9rience n\u00e9cessaires pour traiter chaque dossier avec le plus grand soin et la plus grande comp\u00e9tence. Nous attachons une grande importance \u00e0 la formation continue : tous nos avocats suivent r\u00e9guli\u00e8rement des formations afin de rester \u00e0 jour dans leurs domaines de sp\u00e9cialisation. Nous vous garantissons ainsi un service de qualit\u00e9, pr\u00e9cis et fiable.<\/p>\n<p data-start=\"1013\" data-end=\"1330\">L\u2019accessibilit\u00e9 et la communication sont au c\u0153ur de notre approche. Vous pouvez toujours joindre nos avocats par e-mail ou par t\u00e9l\u00e9phone, et bien s\u00fbr, vous \u00eates les bienvenus au cabinet sur rendez-vous. Nous assurons un suivi clair des dossiers, avec des r\u00e9unions internes r\u00e9guli\u00e8res entre les associ\u00e9s et l\u2019\u00e9quipe.<\/p>\n<p data-start=\"1332\" data-end=\"1469\">Avec nous, vous pouvez compter sur une approche \u00e0 la fois professionnelle et humaine, attentive \u00e0 votre histoire <strong data-start=\"1445\" data-end=\"1451\">et<\/strong> \u00e0 vos int\u00e9r\u00eats.<\/p>\n","protected":false},"excerpt":{"rendered":"<p>Au cabinet d\u2019avocats Schrevens &amp; Michiels, nous aspirons \u00e0 \u00eatre bien plus qu\u2019un simple r\u00e9solveur de probl\u00e8mes. Nous voulons \u00eatre<\/p>\n","protected":false},"author":3,"featured_media":0,"parent":0,"menu_order":0,"comment_status":"closed","ping_status":"closed","template":"","meta":{"footnotes":""},"class_list":["post-1510","page","type-page","status-publish","hentry"],"_links":{"self":[{"href":"https:\/\/www.fr.schrevens-michiels-law.be\/index.php?rest_route=\/wp\/v2\/pages\/1510","targetHints":{"allow":["GET"]}}],"collection":[{"href":"https:\/\/www.fr.schrevens-michiels-law.be\/index.php?rest_route=\/wp\/v2\/pages"}],"about":[{"href":"https:\/\/www.fr.schrevens-michiels-law.be\/index.php?rest_route=\/wp\/v2\/types\/page"}],"author":[{"embeddable":true,"href":"https:\/\/www.fr.schrevens-michiels-law.be\/index.php?rest_route=\/wp\/v2\/users\/3"}],"replies":[{"embeddable":true,"href":"https:\/\/www.fr.schrevens-michiels-law.be\/index.php?rest_route=%2Fwp%2Fv2%2Fcomments&post=1510"}],"version-history":[{"count":1,"href":"https:\/\/www.fr.schrevens-michiels-law.be\/index.php?rest_route=\/wp\/v2\/pages\/1510\/revisions"}],"predecessor-version":[{"id":1511,"href":"https:\/\/www.fr.schrevens-michiels-law.be\/index.php?rest_route=\/wp\/v2\/pages\/1510\/revisions\/1511"}],"wp:attachment":[{"href":"https:\/\/www.fr.schrevens-michiels-law.be\/index.php?rest_route=%2Fwp%2Fv2%2Fmedia&parent=1510"}],"curies":[{"name":"wp","href":"https:\/\/api.w.org\/{rel}","templated":true}]}}