{"id":1513,"date":"2025-08-14T07:11:22","date_gmt":"2025-08-14T07:11:22","guid":{"rendered":"https:\/\/www.fr.schrevens-michiels-law.be\/?page_id=1513"},"modified":"2025-08-14T07:45:37","modified_gmt":"2025-08-14T07:45:37","slug":"droit-du-travail-droit-de-la-securite-sociale","status":"publish","type":"page","link":"https:\/\/www.fr.schrevens-michiels-law.be\/?page_id=1513","title":{"rendered":"Droit du travail &#038; droit de la s\u00e9curit\u00e9 sociale"},"content":{"rendered":"<p data-start=\"105\" data-end=\"393\">Les conflits sur le lieu de travail peuvent avoir un impact important, tant pour les travailleurs que pour les employeurs.<br data-start=\"227\" data-end=\"230\" \/>Nous offrons des conseils juridiques en mati\u00e8re de licenciement, de r\u00e9clamations salariales, de questions de s\u00e9curit\u00e9 sociale, de r\u00e9glementation du travail, etc.<\/p>\n<p data-start=\"395\" data-end=\"446\"><strong data-start=\"395\" data-end=\"444\">Branches du droit couvertes dans ce domaine :<\/strong><\/p>\n<ul data-start=\"447\" data-end=\"555\">\n<li data-start=\"447\" data-end=\"467\">\n<p data-start=\"449\" data-end=\"467\"><a href=\"https:\/\/www.fr.schrevens-michiels-law.be\/?page_id=1515\" target=\"_blank\" rel=\"noopener\">Droit du travail<\/a><\/p>\n<\/li>\n<li data-start=\"468\" data-end=\"488\">\n<p data-start=\"470\" data-end=\"488\"><a href=\"https:\/\/www.fr.schrevens-michiels-law.be\/?page_id=1515\" target=\"_blank\" rel=\"noopener\">S\u00e9curit\u00e9 sociale<\/a><\/p>\n<\/li>\n<li data-start=\"489\" data-end=\"524\">\n<p data-start=\"491\" data-end=\"524\"><a href=\"https:\/\/www.fr.schrevens-michiels-law.be\/?page_id=1515\" target=\"_blank\" rel=\"noopener\">Conflits sur le lieu de travail<\/a><\/p>\n<\/li>\n<li data-start=\"525\" data-end=\"555\">\n<p data-start=\"527\" data-end=\"555\"><a href=\"https:\/\/www.fr.schrevens-michiels-law.be\/?page_id=1515\" target=\"_blank\" rel=\"noopener\">Licenciement et indemnit\u00e9s<\/a><\/p>\n<\/li>\n<\/ul>\n","protected":false},"excerpt":{"rendered":"<p>Les conflits sur le lieu de travail peuvent avoir un impact important, tant pour les travailleurs que pour les employeurs.Nous<\/p>\n","protected":false},"author":3,"featured_media":0,"parent":0,"menu_order":0,"comment_status":"closed","ping_status":"closed","template":"","meta":{"footnotes":""},"class_list":["post-1513","page","type-page","status-publish","hentry"],"_links":{"self":[{"href":"https:\/\/www.fr.schrevens-michiels-law.be\/index.php?rest_route=\/wp\/v2\/pages\/1513","targetHints":{"allow":["GET"]}}],"collection":[{"href":"https:\/\/www.fr.schrevens-michiels-law.be\/index.php?rest_route=\/wp\/v2\/pages"}],"about":[{"href":"https:\/\/www.fr.schrevens-michiels-law.be\/index.php?rest_route=\/wp\/v2\/types\/page"}],"author":[{"embeddable":true,"href":"https:\/\/www.fr.schrevens-michiels-law.be\/index.php?rest_route=\/wp\/v2\/users\/3"}],"replies":[{"embeddable":true,"href":"https:\/\/www.fr.schrevens-michiels-law.be\/index.php?rest_route=%2Fwp%2Fv2%2Fcomments&post=1513"}],"version-history":[{"count":3,"href":"https:\/\/www.fr.schrevens-michiels-law.be\/index.php?rest_route=\/wp\/v2\/pages\/1513\/revisions"}],"predecessor-version":[{"id":1572,"href":"https:\/\/www.fr.schrevens-michiels-law.be\/index.php?rest_route=\/wp\/v2\/pages\/1513\/revisions\/1572"}],"wp:attachment":[{"href":"https:\/\/www.fr.schrevens-michiels-law.be\/index.php?rest_route=%2Fwp%2Fv2%2Fmedia&parent=1513"}],"curies":[{"name":"wp","href":"https:\/\/api.w.org\/{rel}","templated":true}]}}