{"id":1515,"date":"2025-08-14T07:12:12","date_gmt":"2025-08-14T07:12:12","guid":{"rendered":"https:\/\/www.fr.schrevens-michiels-law.be\/?page_id=1515"},"modified":"2025-08-14T07:12:19","modified_gmt":"2025-08-14T07:12:19","slug":"droit-du-travail-et-de-la-securite-sociale","status":"publish","type":"page","link":"https:\/\/www.fr.schrevens-michiels-law.be\/?page_id=1515","title":{"rendered":"Droit du travail et de la s\u00e9curit\u00e9 sociale"},"content":{"rendered":"<ul>\n<li data-start=\"102\" data-end=\"142\">Droit du travail dans tous ses aspects<\/li>\n<li data-start=\"143\" data-end=\"179\">\n<p data-start=\"145\" data-end=\"179\">R\u00e9daction de contrats de travail<\/p>\n<\/li>\n<li data-start=\"180\" data-end=\"218\">\n<p data-start=\"182\" data-end=\"218\">R\u00e9siliation de contrats de travail<\/p>\n<\/li>\n<li data-start=\"219\" data-end=\"277\">\n<p data-start=\"221\" data-end=\"277\">Repr\u00e9sentation dans les litiges individuels du travail<\/p>\n<\/li>\n<li data-start=\"278\" data-end=\"298\">\n<p data-start=\"280\" data-end=\"298\">S\u00e9curit\u00e9 sociale<\/p>\n<\/li>\n<li data-start=\"299\" data-end=\"322\">\n<p data-start=\"301\" data-end=\"322\">(Faux) ind\u00e9pendance<\/p>\n<\/li>\n<li data-start=\"323\" data-end=\"345\">\n<p data-start=\"325\" data-end=\"345\">\u00c9lections sociales<\/p>\n<\/li>\n<li data-start=\"346\" data-end=\"368\">\n<p data-start=\"348\" data-end=\"368\">Droit p\u00e9nal social<\/p>\n<\/li>\n<li data-start=\"369\" data-end=\"390\">\n<p data-start=\"371\" data-end=\"390\">Conseil juridique<\/p>\n<\/li>\n<li data-start=\"391\" data-end=\"416\">\n<p data-start=\"393\" data-end=\"416\">R\u00e8glement des litiges<\/p>\n<\/li>\n<\/ul>\n","protected":false},"excerpt":{"rendered":"<p>Droit du travail dans tous ses aspects R\u00e9daction de contrats de travail R\u00e9siliation de contrats de travail Repr\u00e9sentation dans les<\/p>\n","protected":false},"author":3,"featured_media":0,"parent":0,"menu_order":0,"comment_status":"closed","ping_status":"closed","template":"","meta":{"footnotes":""},"class_list":["post-1515","page","type-page","status-publish","hentry"],"_links":{"self":[{"href":"https:\/\/www.fr.schrevens-michiels-law.be\/index.php?rest_route=\/wp\/v2\/pages\/1515","targetHints":{"allow":["GET"]}}],"collection":[{"href":"https:\/\/www.fr.schrevens-michiels-law.be\/index.php?rest_route=\/wp\/v2\/pages"}],"about":[{"href":"https:\/\/www.fr.schrevens-michiels-law.be\/index.php?rest_route=\/wp\/v2\/types\/page"}],"author":[{"embeddable":true,"href":"https:\/\/www.fr.schrevens-michiels-law.be\/index.php?rest_route=\/wp\/v2\/users\/3"}],"replies":[{"embeddable":true,"href":"https:\/\/www.fr.schrevens-michiels-law.be\/index.php?rest_route=%2Fwp%2Fv2%2Fcomments&post=1515"}],"version-history":[{"count":1,"href":"https:\/\/www.fr.schrevens-michiels-law.be\/index.php?rest_route=\/wp\/v2\/pages\/1515\/revisions"}],"predecessor-version":[{"id":1516,"href":"https:\/\/www.fr.schrevens-michiels-law.be\/index.php?rest_route=\/wp\/v2\/pages\/1515\/revisions\/1516"}],"wp:attachment":[{"href":"https:\/\/www.fr.schrevens-michiels-law.be\/index.php?rest_route=%2Fwp%2Fv2%2Fmedia&parent=1515"}],"curies":[{"name":"wp","href":"https:\/\/api.w.org\/{rel}","templated":true}]}}