{"id":1520,"date":"2025-08-14T07:14:49","date_gmt":"2025-08-14T07:14:49","guid":{"rendered":"https:\/\/www.fr.schrevens-michiels-law.be\/?page_id=1520"},"modified":"2025-08-14T07:46:11","modified_gmt":"2025-08-14T07:46:11","slug":"immobilier-circulation-routiere","status":"publish","type":"page","link":"https:\/\/www.fr.schrevens-michiels-law.be\/?page_id=1520","title":{"rendered":"Immobilier &#038; circulation routi\u00e8re"},"content":{"rendered":"<p data-start=\"91\" data-end=\"449\">Qu\u2019il s\u2019agisse de location, d\u2019achat, de construction ou de mobilit\u00e9, les conflits juridiques peuvent perturber consid\u00e9rablement votre vie quotidienne.<br data-start=\"241\" data-end=\"244\" \/>Nous vous accompagnons dans les transactions immobili\u00e8res, les litiges de construction, la copropri\u00e9t\u00e9, les troubles de voisinage ainsi que dans les dossiers relevant du droit de la circulation routi\u00e8re.<\/p>\n<p data-start=\"451\" data-end=\"502\"><strong data-start=\"451\" data-end=\"500\">Branches du droit couvertes dans ce domaine :<\/strong><\/p>\n<ul data-start=\"503\" data-end=\"607\">\n<li data-start=\"503\" data-end=\"523\">\n<p data-start=\"505\" data-end=\"523\"><a href=\"https:\/\/www.fr.schrevens-michiels-law.be\/?page_id=1522\" target=\"_blank\" rel=\"noopener\">Droit immobilier<\/a><\/p>\n<\/li>\n<li data-start=\"524\" data-end=\"541\">\n<p data-start=\"526\" data-end=\"541\"><a href=\"https:\/\/www.fr.schrevens-michiels-law.be\/?page_id=1526\" target=\"_blank\" rel=\"noopener\">Droit du bail<\/a><\/p>\n<\/li>\n<li data-start=\"542\" data-end=\"570\">\n<p data-start=\"544\" data-end=\"570\"><a href=\"https:\/\/www.fr.schrevens-michiels-law.be\/?page_id=1524\" target=\"_blank\" rel=\"noopener\">Droit de la construction<\/a><\/p>\n<\/li>\n<li data-start=\"571\" data-end=\"607\">\n<p data-start=\"573\" data-end=\"607\"><a href=\"https:\/\/www.fr.schrevens-michiels-law.be\/?page_id=1528\" target=\"_blank\" rel=\"noopener\">Droit de la circulation routi\u00e8re<\/a><\/p>\n<\/li>\n<\/ul>\n","protected":false},"excerpt":{"rendered":"<p>Qu\u2019il s\u2019agisse de location, d\u2019achat, de construction ou de mobilit\u00e9, les conflits juridiques peuvent perturber consid\u00e9rablement votre vie quotidienne.Nous vous<\/p>\n","protected":false},"author":3,"featured_media":0,"parent":0,"menu_order":0,"comment_status":"closed","ping_status":"closed","template":"","meta":{"footnotes":""},"class_list":["post-1520","page","type-page","status-publish","hentry"],"_links":{"self":[{"href":"https:\/\/www.fr.schrevens-michiels-law.be\/index.php?rest_route=\/wp\/v2\/pages\/1520","targetHints":{"allow":["GET"]}}],"collection":[{"href":"https:\/\/www.fr.schrevens-michiels-law.be\/index.php?rest_route=\/wp\/v2\/pages"}],"about":[{"href":"https:\/\/www.fr.schrevens-michiels-law.be\/index.php?rest_route=\/wp\/v2\/types\/page"}],"author":[{"embeddable":true,"href":"https:\/\/www.fr.schrevens-michiels-law.be\/index.php?rest_route=\/wp\/v2\/users\/3"}],"replies":[{"embeddable":true,"href":"https:\/\/www.fr.schrevens-michiels-law.be\/index.php?rest_route=%2Fwp%2Fv2%2Fcomments&post=1520"}],"version-history":[{"count":3,"href":"https:\/\/www.fr.schrevens-michiels-law.be\/index.php?rest_route=\/wp\/v2\/pages\/1520\/revisions"}],"predecessor-version":[{"id":1573,"href":"https:\/\/www.fr.schrevens-michiels-law.be\/index.php?rest_route=\/wp\/v2\/pages\/1520\/revisions\/1573"}],"wp:attachment":[{"href":"https:\/\/www.fr.schrevens-michiels-law.be\/index.php?rest_route=%2Fwp%2Fv2%2Fmedia&parent=1520"}],"curies":[{"name":"wp","href":"https:\/\/api.w.org\/{rel}","templated":true}]}}