{"id":1522,"date":"2025-08-14T07:15:22","date_gmt":"2025-08-14T07:15:22","guid":{"rendered":"https:\/\/www.fr.schrevens-michiels-law.be\/?page_id=1522"},"modified":"2025-08-14T07:15:22","modified_gmt":"2025-08-14T07:15:22","slug":"droit-immobilier","status":"publish","type":"page","link":"https:\/\/www.fr.schrevens-michiels-law.be\/?page_id=1522","title":{"rendered":"Droit immobilier"},"content":{"rendered":"<ul data-start=\"74\" data-end=\"538\">\n<li data-start=\"74\" data-end=\"144\">\n<p data-start=\"76\" data-end=\"144\">Accompagnement lors de l\u2019achat ou de la vente d\u2019un bien immobilier<\/p>\n<\/li>\n<li data-start=\"145\" data-end=\"228\">\n<p data-start=\"147\" data-end=\"228\">Conseil juridique en cas de litiges de construction et de contrats d\u2019entreprise<\/p>\n<\/li>\n<li data-start=\"229\" data-end=\"313\">\n<p data-start=\"231\" data-end=\"313\">Assistance en mati\u00e8re de troubles de voisinage, servitudes et litiges de bornage<\/p>\n<\/li>\n<li data-start=\"314\" data-end=\"408\">\n<p data-start=\"316\" data-end=\"408\">Conseil et proc\u00e9dures en mati\u00e8re de copropri\u00e9t\u00e9 et d\u2019ACP (association des copropri\u00e9taires)<\/p>\n<\/li>\n<li data-start=\"409\" data-end=\"470\">\n<p data-start=\"411\" data-end=\"470\">R\u00e9solution de litiges en urbanisme et questions de permis<\/p>\n<\/li>\n<li data-start=\"471\" data-end=\"538\">\n<p data-start=\"473\" data-end=\"538\">Repr\u00e9sentation dans les proc\u00e9dures et n\u00e9gociations immobili\u00e8res<\/p>\n<\/li>\n<\/ul>\n","protected":false},"excerpt":{"rendered":"<p>Accompagnement lors de l\u2019achat ou de la vente d\u2019un bien immobilier Conseil juridique en cas de litiges de construction et<\/p>\n","protected":false},"author":3,"featured_media":0,"parent":0,"menu_order":0,"comment_status":"closed","ping_status":"closed","template":"","meta":{"footnotes":""},"class_list":["post-1522","page","type-page","status-publish","hentry"],"_links":{"self":[{"href":"https:\/\/www.fr.schrevens-michiels-law.be\/index.php?rest_route=\/wp\/v2\/pages\/1522","targetHints":{"allow":["GET"]}}],"collection":[{"href":"https:\/\/www.fr.schrevens-michiels-law.be\/index.php?rest_route=\/wp\/v2\/pages"}],"about":[{"href":"https:\/\/www.fr.schrevens-michiels-law.be\/index.php?rest_route=\/wp\/v2\/types\/page"}],"author":[{"embeddable":true,"href":"https:\/\/www.fr.schrevens-michiels-law.be\/index.php?rest_route=\/wp\/v2\/users\/3"}],"replies":[{"embeddable":true,"href":"https:\/\/www.fr.schrevens-michiels-law.be\/index.php?rest_route=%2Fwp%2Fv2%2Fcomments&post=1522"}],"version-history":[{"count":1,"href":"https:\/\/www.fr.schrevens-michiels-law.be\/index.php?rest_route=\/wp\/v2\/pages\/1522\/revisions"}],"predecessor-version":[{"id":1523,"href":"https:\/\/www.fr.schrevens-michiels-law.be\/index.php?rest_route=\/wp\/v2\/pages\/1522\/revisions\/1523"}],"wp:attachment":[{"href":"https:\/\/www.fr.schrevens-michiels-law.be\/index.php?rest_route=%2Fwp%2Fv2%2Fmedia&parent=1522"}],"curies":[{"name":"wp","href":"https:\/\/api.w.org\/{rel}","templated":true}]}}