{"id":1524,"date":"2025-08-14T07:15:44","date_gmt":"2025-08-14T07:15:44","guid":{"rendered":"https:\/\/www.fr.schrevens-michiels-law.be\/?page_id=1524"},"modified":"2025-08-14T07:30:15","modified_gmt":"2025-08-14T07:30:15","slug":"droit-de-la-construction","status":"publish","type":"page","link":"https:\/\/www.fr.schrevens-michiels-law.be\/?page_id=1524","title":{"rendered":"Droit de la construction"},"content":{"rendered":"<ul data-start=\"82\" data-end=\"414\">\n<li data-start=\"82\" data-end=\"118\">\n<p data-start=\"84\" data-end=\"118\">Probl\u00e8mes li\u00e9s \u00e0 la construction<\/p>\n<\/li>\n<li data-start=\"119\" data-end=\"174\">\n<p data-start=\"121\" data-end=\"174\">Responsabilit\u00e9 des entrepreneurs et des architectes<\/p>\n<\/li>\n<li data-start=\"175\" data-end=\"282\">\n<p data-start=\"177\" data-end=\"282\">Droit des biens : propri\u00e9t\u00e9, usufruit, servitudes, copropri\u00e9t\u00e9, droit de superficie, bail emphyt\u00e9otique<\/p>\n<\/li>\n<li data-start=\"283\" data-end=\"331\">\n<p data-start=\"285\" data-end=\"331\">Bail commercial et bail \u00e0 usage d\u2019habitation<\/p>\n<\/li>\n<li data-start=\"332\" data-end=\"348\">\n<p data-start=\"334\" data-end=\"348\">Bail \u00e0 ferme<\/p>\n<\/li>\n<li data-start=\"349\" data-end=\"366\">\n<p data-start=\"351\" data-end=\"366\">Expropriation<\/p>\n<\/li>\n<li data-start=\"367\" data-end=\"388\">\n<p data-start=\"369\" data-end=\"388\">Conseil juridique<\/p>\n<\/li>\n<li data-start=\"389\" data-end=\"414\">\n<p data-start=\"391\" data-end=\"414\">R\u00e8glement des litiges<\/p>\n<\/li>\n<\/ul>\n","protected":false},"excerpt":{"rendered":"<p>Probl\u00e8mes li\u00e9s \u00e0 la construction Responsabilit\u00e9 des entrepreneurs et des architectes Droit des biens : propri\u00e9t\u00e9, usufruit, servitudes, copropri\u00e9t\u00e9, droit<\/p>\n","protected":false},"author":3,"featured_media":0,"parent":0,"menu_order":0,"comment_status":"closed","ping_status":"closed","template":"","meta":{"footnotes":""},"class_list":["post-1524","page","type-page","status-publish","hentry"],"_links":{"self":[{"href":"https:\/\/www.fr.schrevens-michiels-law.be\/index.php?rest_route=\/wp\/v2\/pages\/1524","targetHints":{"allow":["GET"]}}],"collection":[{"href":"https:\/\/www.fr.schrevens-michiels-law.be\/index.php?rest_route=\/wp\/v2\/pages"}],"about":[{"href":"https:\/\/www.fr.schrevens-michiels-law.be\/index.php?rest_route=\/wp\/v2\/types\/page"}],"author":[{"embeddable":true,"href":"https:\/\/www.fr.schrevens-michiels-law.be\/index.php?rest_route=\/wp\/v2\/users\/3"}],"replies":[{"embeddable":true,"href":"https:\/\/www.fr.schrevens-michiels-law.be\/index.php?rest_route=%2Fwp%2Fv2%2Fcomments&post=1524"}],"version-history":[{"count":1,"href":"https:\/\/www.fr.schrevens-michiels-law.be\/index.php?rest_route=\/wp\/v2\/pages\/1524\/revisions"}],"predecessor-version":[{"id":1525,"href":"https:\/\/www.fr.schrevens-michiels-law.be\/index.php?rest_route=\/wp\/v2\/pages\/1524\/revisions\/1525"}],"wp:attachment":[{"href":"https:\/\/www.fr.schrevens-michiels-law.be\/index.php?rest_route=%2Fwp%2Fv2%2Fmedia&parent=1524"}],"curies":[{"name":"wp","href":"https:\/\/api.w.org\/{rel}","templated":true}]}}