{"id":1526,"date":"2025-08-14T07:16:15","date_gmt":"2025-08-14T07:16:15","guid":{"rendered":"https:\/\/www.fr.schrevens-michiels-law.be\/?page_id=1526"},"modified":"2025-08-14T07:30:29","modified_gmt":"2025-08-14T07:30:29","slug":"droit-du-bail","status":"publish","type":"page","link":"https:\/\/www.fr.schrevens-michiels-law.be\/?page_id=1526","title":{"rendered":"Droit du bail"},"content":{"rendered":"<ul data-start=\"71\" data-end=\"238\">\n<li data-start=\"71\" data-end=\"92\">\n<p data-start=\"73\" data-end=\"92\">Arri\u00e9r\u00e9s de loyer<\/p>\n<\/li>\n<li data-start=\"93\" data-end=\"117\">\n<p data-start=\"95\" data-end=\"117\">Contrats de location<\/p>\n<\/li>\n<li data-start=\"118\" data-end=\"141\">\n<p data-start=\"120\" data-end=\"141\">R\u00e9siliation du bail<\/p>\n<\/li>\n<li data-start=\"142\" data-end=\"190\">\n<p data-start=\"144\" data-end=\"190\">Bail commercial et bail \u00e0 usage d\u2019habitation<\/p>\n<\/li>\n<li data-start=\"191\" data-end=\"212\">\n<p data-start=\"193\" data-end=\"212\">Conseil juridique<\/p>\n<\/li>\n<li data-start=\"213\" data-end=\"238\">\n<p data-start=\"215\" data-end=\"238\">R\u00e8glement des litiges<\/p>\n<\/li>\n<\/ul>\n","protected":false},"excerpt":{"rendered":"<p>Arri\u00e9r\u00e9s de loyer Contrats de location R\u00e9siliation du bail Bail commercial et bail \u00e0 usage d\u2019habitation Conseil juridique R\u00e8glement des<\/p>\n","protected":false},"author":3,"featured_media":0,"parent":0,"menu_order":0,"comment_status":"closed","ping_status":"closed","template":"","meta":{"footnotes":""},"class_list":["post-1526","page","type-page","status-publish","hentry"],"_links":{"self":[{"href":"https:\/\/www.fr.schrevens-michiels-law.be\/index.php?rest_route=\/wp\/v2\/pages\/1526","targetHints":{"allow":["GET"]}}],"collection":[{"href":"https:\/\/www.fr.schrevens-michiels-law.be\/index.php?rest_route=\/wp\/v2\/pages"}],"about":[{"href":"https:\/\/www.fr.schrevens-michiels-law.be\/index.php?rest_route=\/wp\/v2\/types\/page"}],"author":[{"embeddable":true,"href":"https:\/\/www.fr.schrevens-michiels-law.be\/index.php?rest_route=\/wp\/v2\/users\/3"}],"replies":[{"embeddable":true,"href":"https:\/\/www.fr.schrevens-michiels-law.be\/index.php?rest_route=%2Fwp%2Fv2%2Fcomments&post=1526"}],"version-history":[{"count":1,"href":"https:\/\/www.fr.schrevens-michiels-law.be\/index.php?rest_route=\/wp\/v2\/pages\/1526\/revisions"}],"predecessor-version":[{"id":1527,"href":"https:\/\/www.fr.schrevens-michiels-law.be\/index.php?rest_route=\/wp\/v2\/pages\/1526\/revisions\/1527"}],"wp:attachment":[{"href":"https:\/\/www.fr.schrevens-michiels-law.be\/index.php?rest_route=%2Fwp%2Fv2%2Fmedia&parent=1526"}],"curies":[{"name":"wp","href":"https:\/\/api.w.org\/{rel}","templated":true}]}}