{"id":1536,"date":"2025-08-14T07:19:42","date_gmt":"2025-08-14T07:19:42","guid":{"rendered":"https:\/\/www.fr.schrevens-michiels-law.be\/?page_id=1536"},"modified":"2025-08-14T07:46:46","modified_gmt":"2025-08-14T07:46:46","slug":"famille-patrimoine-familial","status":"publish","type":"page","link":"https:\/\/www.fr.schrevens-michiels-law.be\/?page_id=1536","title":{"rendered":"Famille &#038; patrimoine familial"},"content":{"rendered":"<p data-start=\"87\" data-end=\"486\">Le droit touche souvent les personnes \u00e0 leurs moments les plus vuln\u00e9rables : lors de changements familiaux, de ruptures de relation ou de questions li\u00e9es au partage du patrimoine.<br data-start=\"266\" data-end=\"269\" \/>Nous vous accompagnons \u00e0 chaque \u00e9tape avec soin, expertise et respect. Qu\u2019il s\u2019agisse d\u2019un divorce, de l\u2019autorit\u00e9 parentale, de litiges successoraux ou de planification patrimoniale \u2014 nous sommes l\u00e0 pour vous aider.<\/p>\n<p data-start=\"488\" data-end=\"539\"><strong data-start=\"488\" data-end=\"537\">Branches du droit couvertes dans ce domaine :<\/strong><\/p>\n<ul data-start=\"540\" data-end=\"692\">\n<li data-start=\"540\" data-end=\"563\">\n<p data-start=\"542\" data-end=\"563\"><a href=\"https:\/\/www.fr.schrevens-michiels-law.be\/?page_id=1538\" target=\"_blank\" rel=\"noopener\">Droit de la famille<\/a><\/p>\n<\/li>\n<li data-start=\"564\" data-end=\"594\">\n<p data-start=\"566\" data-end=\"594\"><a href=\"https:\/\/www.fr.schrevens-michiels-law.be\/?page_id=1540\" target=\"_blank\" rel=\"noopener\">Droit patrimonial familial<\/a><\/p>\n<\/li>\n<li data-start=\"595\" data-end=\"622\">\n<p data-start=\"597\" data-end=\"622\"><a href=\"https:\/\/www.fr.schrevens-michiels-law.be\/?page_id=1540\" target=\"_blank\" rel=\"noopener\">Questions successorales<\/a><\/p>\n<\/li>\n<li data-start=\"623\" data-end=\"650\">\n<p data-start=\"625\" data-end=\"650\"><a href=\"https:\/\/www.fr.schrevens-michiels-law.be\/?page_id=1538\" target=\"_blank\" rel=\"noopener\">Divorce &amp; coparentalit\u00e9<\/a><\/p>\n<\/li>\n<li data-start=\"651\" data-end=\"692\">\n<p data-start=\"653\" data-end=\"692\"><a href=\"https:\/\/www.fr.schrevens-michiels-law.be\/?page_id=447\" target=\"_blank\" rel=\"noopener\">M\u00e9diation familiale (m\u00e9diateur agr\u00e9\u00e9)<\/a><\/p>\n<\/li>\n<\/ul>\n","protected":false},"excerpt":{"rendered":"<p>Le droit touche souvent les personnes \u00e0 leurs moments les plus vuln\u00e9rables : lors de changements familiaux, de ruptures de<\/p>\n","protected":false},"author":3,"featured_media":0,"parent":0,"menu_order":0,"comment_status":"closed","ping_status":"closed","template":"","meta":{"footnotes":""},"class_list":["post-1536","page","type-page","status-publish","hentry"],"_links":{"self":[{"href":"https:\/\/www.fr.schrevens-michiels-law.be\/index.php?rest_route=\/wp\/v2\/pages\/1536","targetHints":{"allow":["GET"]}}],"collection":[{"href":"https:\/\/www.fr.schrevens-michiels-law.be\/index.php?rest_route=\/wp\/v2\/pages"}],"about":[{"href":"https:\/\/www.fr.schrevens-michiels-law.be\/index.php?rest_route=\/wp\/v2\/types\/page"}],"author":[{"embeddable":true,"href":"https:\/\/www.fr.schrevens-michiels-law.be\/index.php?rest_route=\/wp\/v2\/users\/3"}],"replies":[{"embeddable":true,"href":"https:\/\/www.fr.schrevens-michiels-law.be\/index.php?rest_route=%2Fwp%2Fv2%2Fcomments&post=1536"}],"version-history":[{"count":4,"href":"https:\/\/www.fr.schrevens-michiels-law.be\/index.php?rest_route=\/wp\/v2\/pages\/1536\/revisions"}],"predecessor-version":[{"id":1574,"href":"https:\/\/www.fr.schrevens-michiels-law.be\/index.php?rest_route=\/wp\/v2\/pages\/1536\/revisions\/1574"}],"wp:attachment":[{"href":"https:\/\/www.fr.schrevens-michiels-law.be\/index.php?rest_route=%2Fwp%2Fv2%2Fmedia&parent=1536"}],"curies":[{"name":"wp","href":"https:\/\/api.w.org\/{rel}","templated":true}]}}