{"id":1540,"date":"2025-08-14T07:20:56","date_gmt":"2025-08-14T07:20:56","guid":{"rendered":"https:\/\/www.fr.schrevens-michiels-law.be\/?page_id=1540"},"modified":"2025-08-14T07:20:56","modified_gmt":"2025-08-14T07:20:56","slug":"droit-patrimonial-familial","status":"publish","type":"page","link":"https:\/\/www.fr.schrevens-michiels-law.be\/?page_id=1540","title":{"rendered":"Droit patrimonial familial"},"content":{"rendered":"<ul data-start=\"84\" data-end=\"657\">\n<li data-start=\"84\" data-end=\"157\">\n<p data-start=\"86\" data-end=\"157\">R\u00e9daction et interpr\u00e9tation de contrats de mariage et de cohabitation<\/p>\n<\/li>\n<li data-start=\"158\" data-end=\"227\">\n<p data-start=\"160\" data-end=\"227\">Liquidation et partage des biens apr\u00e8s une s\u00e9paration ou un d\u00e9c\u00e8s<\/p>\n<\/li>\n<li data-start=\"228\" data-end=\"315\">\n<p data-start=\"230\" data-end=\"315\">Conseil en mati\u00e8re de donations et de transfert de patrimoine au sein de la famille<\/p>\n<\/li>\n<li data-start=\"316\" data-end=\"402\">\n<p data-start=\"318\" data-end=\"402\">Accompagnement dans l\u2019\u00e9laboration d\u2019une planification patrimoniale et successorale<\/p>\n<\/li>\n<li data-start=\"403\" data-end=\"465\">\n<p data-start=\"405\" data-end=\"465\">R\u00e8glement des successions et questions li\u00e9es aux h\u00e9ritages<\/p>\n<\/li>\n<li data-start=\"466\" data-end=\"533\">\n<p data-start=\"468\" data-end=\"533\">Litiges relatifs aux h\u00e9ritages ou au partage de biens familiaux<\/p>\n<\/li>\n<li data-start=\"534\" data-end=\"602\">\n<p data-start=\"536\" data-end=\"602\">Assistance juridique dans les structures patrimoniales complexes<\/p>\n<\/li>\n<li data-start=\"603\" data-end=\"657\">\n<p data-start=\"605\" data-end=\"657\">M\u00e9diation dans les conflits patrimoniaux familiaux<\/p>\n<\/li>\n<\/ul>\n","protected":false},"excerpt":{"rendered":"<p>R\u00e9daction et interpr\u00e9tation de contrats de mariage et de cohabitation Liquidation et partage des biens apr\u00e8s une s\u00e9paration ou un<\/p>\n","protected":false},"author":3,"featured_media":0,"parent":0,"menu_order":0,"comment_status":"closed","ping_status":"closed","template":"","meta":{"footnotes":""},"class_list":["post-1540","page","type-page","status-publish","hentry"],"_links":{"self":[{"href":"https:\/\/www.fr.schrevens-michiels-law.be\/index.php?rest_route=\/wp\/v2\/pages\/1540","targetHints":{"allow":["GET"]}}],"collection":[{"href":"https:\/\/www.fr.schrevens-michiels-law.be\/index.php?rest_route=\/wp\/v2\/pages"}],"about":[{"href":"https:\/\/www.fr.schrevens-michiels-law.be\/index.php?rest_route=\/wp\/v2\/types\/page"}],"author":[{"embeddable":true,"href":"https:\/\/www.fr.schrevens-michiels-law.be\/index.php?rest_route=\/wp\/v2\/users\/3"}],"replies":[{"embeddable":true,"href":"https:\/\/www.fr.schrevens-michiels-law.be\/index.php?rest_route=%2Fwp%2Fv2%2Fcomments&post=1540"}],"version-history":[{"count":1,"href":"https:\/\/www.fr.schrevens-michiels-law.be\/index.php?rest_route=\/wp\/v2\/pages\/1540\/revisions"}],"predecessor-version":[{"id":1541,"href":"https:\/\/www.fr.schrevens-michiels-law.be\/index.php?rest_route=\/wp\/v2\/pages\/1540\/revisions\/1541"}],"wp:attachment":[{"href":"https:\/\/www.fr.schrevens-michiels-law.be\/index.php?rest_route=%2Fwp%2Fv2%2Fmedia&parent=1540"}],"curies":[{"name":"wp","href":"https:\/\/api.w.org\/{rel}","templated":true}]}}