{"id":1548,"date":"2025-08-14T07:31:46","date_gmt":"2025-08-14T07:31:46","guid":{"rendered":"https:\/\/www.fr.schrevens-michiels-law.be\/?page_id=1548"},"modified":"2025-08-14T07:44:42","modified_gmt":"2025-08-14T07:44:42","slug":"entreprise-contrats","status":"publish","type":"page","link":"https:\/\/www.fr.schrevens-michiels-law.be\/?page_id=1548","title":{"rendered":"Entreprise &#038; contrats"},"content":{"rendered":"<p data-start=\"79\" data-end=\"508\">Entreprendre n\u00e9cessite des contrats clairs, des bases juridiques solides et un accompagnement r\u00e9fl\u00e9chi.<br data-start=\"182\" data-end=\"185\" \/>Nous soutenons les ind\u00e9pendants, les PME et les soci\u00e9t\u00e9s en mati\u00e8re de droit commercial, de contrats, de recouvrement de cr\u00e9ances, d\u2019e-commerce, de propri\u00e9t\u00e9 intellectuelle, etc.<br data-start=\"363\" data-end=\"366\" \/>Vous pouvez faire appel \u00e0 nous pour des conseils, des n\u00e9gociations et un accompagnement proc\u00e9dural, adapt\u00e9s \u00e0 votre r\u00e9alit\u00e9 professionnelle.<\/p>\n<p data-start=\"510\" data-end=\"561\"><strong data-start=\"510\" data-end=\"559\">Branches du droit couvertes dans ce domaine :<\/strong><\/p>\n<ul data-start=\"562\" data-end=\"854\">\n<li data-start=\"562\" data-end=\"598\">\n<p data-start=\"564\" data-end=\"598\"><a href=\"https:\/\/www.fr.schrevens-michiels-law.be\/?page_id=1550\" target=\"_blank\" rel=\"noopener\">Droit commercial et des soci\u00e9t\u00e9s<\/a><\/p>\n<\/li>\n<li data-start=\"599\" data-end=\"636\">\n<p data-start=\"601\" data-end=\"636\"><a href=\"https:\/\/www.fr.schrevens-michiels-law.be\/?page_id=1552\">Droit des<\/a> <a href=\"https:\/\/www.fr.schrevens-michiels-law.be\/?page_id=1552\" target=\"_blank\" rel=\"noopener\">contrats<\/a> et <a href=\"https:\/\/www.fr.schrevens-michiels-law.be\/?page_id=1554\">des<\/a> <a href=\"https:\/\/www.fr.schrevens-michiels-law.be\/?page_id=1554\" target=\"_blank\" rel=\"noopener\">s\u00fbret\u00e9s<\/a><\/p>\n<\/li>\n<li data-start=\"637\" data-end=\"682\">\n<p data-start=\"639\" data-end=\"682\"><a href=\"https:\/\/www.fr.schrevens-michiels-law.be\/?page_id=1560\" target=\"_blank\" rel=\"noopener\">Pratiques commerciales &amp; vente \u00e0 distance<\/a><\/p>\n<\/li>\n<li data-start=\"683\" data-end=\"735\">\n<p data-start=\"685\" data-end=\"735\"><a href=\"https:\/\/www.fr.schrevens-michiels-law.be\/?page_id=1564\" target=\"_blank\" rel=\"noopener\">Recouvrement de cr\u00e9ances et droit de l\u2019ex\u00e9cution<\/a><\/p>\n<\/li>\n<li data-start=\"736\" data-end=\"763\">\n<p data-start=\"738\" data-end=\"763\"><a href=\"https:\/\/www.fr.schrevens-michiels-law.be\/?page_id=1566\" target=\"_blank\" rel=\"noopener\">Droit de l\u2019informatique<\/a><\/p>\n<\/li>\n<li data-start=\"764\" data-end=\"805\">\n<p data-start=\"766\" data-end=\"805\"><a href=\"https:\/\/www.fr.schrevens-michiels-law.be\/?page_id=1562\" target=\"_blank\" rel=\"noopener\">Propri\u00e9t\u00e9 intellectuelle &amp; e-commerce<\/a><\/p>\n<\/li>\n<li data-start=\"806\" data-end=\"854\">\n<p data-start=\"808\" data-end=\"854\"><a href=\"https:\/\/www.fr.schrevens-michiels-law.be\/?page_id=1558\" target=\"_blank\" rel=\"noopener\">Droit des assurances<\/a> et <a href=\"https:\/\/www.fr.schrevens-michiels-law.be\/?page_id=1556\" target=\"_blank\" rel=\"noopener\">de la responsabilit\u00e9<\/a><\/p>\n<\/li>\n<\/ul>\n","protected":false},"excerpt":{"rendered":"<p>Entreprendre n\u00e9cessite des contrats clairs, des bases juridiques solides et un accompagnement r\u00e9fl\u00e9chi.Nous soutenons les ind\u00e9pendants, les PME et les<\/p>\n","protected":false},"author":3,"featured_media":0,"parent":0,"menu_order":0,"comment_status":"closed","ping_status":"closed","template":"","meta":{"footnotes":""},"class_list":["post-1548","page","type-page","status-publish","hentry"],"_links":{"self":[{"href":"https:\/\/www.fr.schrevens-michiels-law.be\/index.php?rest_route=\/wp\/v2\/pages\/1548","targetHints":{"allow":["GET"]}}],"collection":[{"href":"https:\/\/www.fr.schrevens-michiels-law.be\/index.php?rest_route=\/wp\/v2\/pages"}],"about":[{"href":"https:\/\/www.fr.schrevens-michiels-law.be\/index.php?rest_route=\/wp\/v2\/types\/page"}],"author":[{"embeddable":true,"href":"https:\/\/www.fr.schrevens-michiels-law.be\/index.php?rest_route=\/wp\/v2\/users\/3"}],"replies":[{"embeddable":true,"href":"https:\/\/www.fr.schrevens-michiels-law.be\/index.php?rest_route=%2Fwp%2Fv2%2Fcomments&post=1548"}],"version-history":[{"count":5,"href":"https:\/\/www.fr.schrevens-michiels-law.be\/index.php?rest_route=\/wp\/v2\/pages\/1548\/revisions"}],"predecessor-version":[{"id":1571,"href":"https:\/\/www.fr.schrevens-michiels-law.be\/index.php?rest_route=\/wp\/v2\/pages\/1548\/revisions\/1571"}],"wp:attachment":[{"href":"https:\/\/www.fr.schrevens-michiels-law.be\/index.php?rest_route=%2Fwp%2Fv2%2Fmedia&parent=1548"}],"curies":[{"name":"wp","href":"https:\/\/api.w.org\/{rel}","templated":true}]}}