{"id":1552,"date":"2025-08-14T07:34:02","date_gmt":"2025-08-14T07:34:02","guid":{"rendered":"https:\/\/www.fr.schrevens-michiels-law.be\/?page_id=1552"},"modified":"2025-08-14T07:34:02","modified_gmt":"2025-08-14T07:34:02","slug":"droit-des-contrats","status":"publish","type":"page","link":"https:\/\/www.fr.schrevens-michiels-law.be\/?page_id=1552","title":{"rendered":"Droit des contrats"},"content":{"rendered":"<ul data-start=\"76\" data-end=\"205\">\n<li data-start=\"76\" data-end=\"115\">\n<p data-start=\"78\" data-end=\"115\">R\u00e9daction de tous types de contrats<\/p>\n<\/li>\n<li data-start=\"116\" data-end=\"157\">\n<p data-start=\"118\" data-end=\"157\">Relecture et v\u00e9rification de contrats<\/p>\n<\/li>\n<li data-start=\"158\" data-end=\"179\">\n<p data-start=\"160\" data-end=\"179\">Conseil juridique<\/p>\n<\/li>\n<li data-start=\"180\" data-end=\"205\">\n<p data-start=\"182\" data-end=\"205\">R\u00e8glement des litiges<\/p>\n<\/li>\n<\/ul>\n","protected":false},"excerpt":{"rendered":"<p>R\u00e9daction de tous types de contrats Relecture et v\u00e9rification de contrats Conseil juridique R\u00e8glement des litiges<\/p>\n","protected":false},"author":3,"featured_media":0,"parent":0,"menu_order":0,"comment_status":"closed","ping_status":"closed","template":"","meta":{"footnotes":""},"class_list":["post-1552","page","type-page","status-publish","hentry"],"_links":{"self":[{"href":"https:\/\/www.fr.schrevens-michiels-law.be\/index.php?rest_route=\/wp\/v2\/pages\/1552","targetHints":{"allow":["GET"]}}],"collection":[{"href":"https:\/\/www.fr.schrevens-michiels-law.be\/index.php?rest_route=\/wp\/v2\/pages"}],"about":[{"href":"https:\/\/www.fr.schrevens-michiels-law.be\/index.php?rest_route=\/wp\/v2\/types\/page"}],"author":[{"embeddable":true,"href":"https:\/\/www.fr.schrevens-michiels-law.be\/index.php?rest_route=\/wp\/v2\/users\/3"}],"replies":[{"embeddable":true,"href":"https:\/\/www.fr.schrevens-michiels-law.be\/index.php?rest_route=%2Fwp%2Fv2%2Fcomments&post=1552"}],"version-history":[{"count":1,"href":"https:\/\/www.fr.schrevens-michiels-law.be\/index.php?rest_route=\/wp\/v2\/pages\/1552\/revisions"}],"predecessor-version":[{"id":1553,"href":"https:\/\/www.fr.schrevens-michiels-law.be\/index.php?rest_route=\/wp\/v2\/pages\/1552\/revisions\/1553"}],"wp:attachment":[{"href":"https:\/\/www.fr.schrevens-michiels-law.be\/index.php?rest_route=%2Fwp%2Fv2%2Fmedia&parent=1552"}],"curies":[{"name":"wp","href":"https:\/\/api.w.org\/{rel}","templated":true}]}}