{"id":1554,"date":"2025-08-14T07:34:28","date_gmt":"2025-08-14T07:34:28","guid":{"rendered":"https:\/\/www.fr.schrevens-michiels-law.be\/?page_id=1554"},"modified":"2025-08-14T07:34:28","modified_gmt":"2025-08-14T07:34:28","slug":"droit-des-suretes","status":"publish","type":"page","link":"https:\/\/www.fr.schrevens-michiels-law.be\/?page_id=1554","title":{"rendered":"Droit des s\u00fbret\u00e9s"},"content":{"rendered":"<ul data-start=\"75\" data-end=\"316\">\n<li data-start=\"75\" data-end=\"104\">\n<p data-start=\"77\" data-end=\"104\">Privil\u00e8ges et hypoth\u00e8ques<\/p>\n<\/li>\n<li data-start=\"105\" data-end=\"126\">\n<p data-start=\"107\" data-end=\"126\">Fonds de commerce<\/p>\n<\/li>\n<li data-start=\"127\" data-end=\"164\">\n<p data-start=\"129\" data-end=\"164\">Nantissement de fonds de commerce<\/p>\n<\/li>\n<li data-start=\"165\" data-end=\"208\">\n<p data-start=\"167\" data-end=\"208\">Cession de cr\u00e9ances \u00e0 titre de garantie<\/p>\n<\/li>\n<li data-start=\"209\" data-end=\"231\">\n<p data-start=\"211\" data-end=\"231\">Droit de r\u00e9tention<\/p>\n<\/li>\n<li data-start=\"232\" data-end=\"244\">\n<p data-start=\"234\" data-end=\"244\">Cautions<\/p>\n<\/li>\n<li data-start=\"245\" data-end=\"268\">\n<p data-start=\"247\" data-end=\"268\">Garanties bancaires<\/p>\n<\/li>\n<li data-start=\"269\" data-end=\"290\">\n<p data-start=\"271\" data-end=\"290\">Conseil juridique<\/p>\n<\/li>\n<li data-start=\"291\" data-end=\"316\">\n<p data-start=\"293\" data-end=\"316\">R\u00e8glement des litiges<\/p>\n<\/li>\n<\/ul>\n","protected":false},"excerpt":{"rendered":"<p>Privil\u00e8ges et hypoth\u00e8ques Fonds de commerce Nantissement de fonds de commerce Cession de cr\u00e9ances \u00e0 titre de garantie Droit de<\/p>\n","protected":false},"author":3,"featured_media":0,"parent":0,"menu_order":0,"comment_status":"closed","ping_status":"closed","template":"","meta":{"footnotes":""},"class_list":["post-1554","page","type-page","status-publish","hentry"],"_links":{"self":[{"href":"https:\/\/www.fr.schrevens-michiels-law.be\/index.php?rest_route=\/wp\/v2\/pages\/1554","targetHints":{"allow":["GET"]}}],"collection":[{"href":"https:\/\/www.fr.schrevens-michiels-law.be\/index.php?rest_route=\/wp\/v2\/pages"}],"about":[{"href":"https:\/\/www.fr.schrevens-michiels-law.be\/index.php?rest_route=\/wp\/v2\/types\/page"}],"author":[{"embeddable":true,"href":"https:\/\/www.fr.schrevens-michiels-law.be\/index.php?rest_route=\/wp\/v2\/users\/3"}],"replies":[{"embeddable":true,"href":"https:\/\/www.fr.schrevens-michiels-law.be\/index.php?rest_route=%2Fwp%2Fv2%2Fcomments&post=1554"}],"version-history":[{"count":1,"href":"https:\/\/www.fr.schrevens-michiels-law.be\/index.php?rest_route=\/wp\/v2\/pages\/1554\/revisions"}],"predecessor-version":[{"id":1555,"href":"https:\/\/www.fr.schrevens-michiels-law.be\/index.php?rest_route=\/wp\/v2\/pages\/1554\/revisions\/1555"}],"wp:attachment":[{"href":"https:\/\/www.fr.schrevens-michiels-law.be\/index.php?rest_route=%2Fwp%2Fv2%2Fmedia&parent=1554"}],"curies":[{"name":"wp","href":"https:\/\/api.w.org\/{rel}","templated":true}]}}