{"id":1556,"date":"2025-08-14T07:34:54","date_gmt":"2025-08-14T07:34:54","guid":{"rendered":"https:\/\/www.fr.schrevens-michiels-law.be\/?page_id=1556"},"modified":"2025-08-14T07:34:54","modified_gmt":"2025-08-14T07:34:54","slug":"droit-de-la-responsabilite","status":"publish","type":"page","link":"https:\/\/www.fr.schrevens-michiels-law.be\/?page_id=1556","title":{"rendered":"Droit de la responsabilit\u00e9"},"content":{"rendered":"<ul data-start=\"84\" data-end=\"504\">\n<li data-start=\"84\" data-end=\"124\">\n<p data-start=\"86\" data-end=\"124\">Traitement des dossiers de sinistres<\/p>\n<\/li>\n<li data-start=\"125\" data-end=\"147\">\n<p data-start=\"127\" data-end=\"147\">Dommages corporels<\/p>\n<\/li>\n<li data-start=\"148\" data-end=\"184\">\n<p data-start=\"150\" data-end=\"184\">Droit de la circulation routi\u00e8re<\/p>\n<\/li>\n<li data-start=\"185\" data-end=\"212\">\n<p data-start=\"187\" data-end=\"212\">Responsabilit\u00e9 m\u00e9dicale<\/p>\n<\/li>\n<li data-start=\"213\" data-end=\"252\">\n<p data-start=\"215\" data-end=\"252\">Responsabilit\u00e9 des pouvoirs publics<\/p>\n<\/li>\n<li data-start=\"253\" data-end=\"277\">\n<p data-start=\"255\" data-end=\"277\">Accidents du travail<\/p>\n<\/li>\n<li data-start=\"278\" data-end=\"317\">\n<p data-start=\"280\" data-end=\"317\">Responsabilit\u00e9 du fait des produits<\/p>\n<\/li>\n<li data-start=\"318\" data-end=\"405\">\n<p data-start=\"320\" data-end=\"405\">\u00c9tendue de la couverture d\u2019assurance, subrogation, d\u00e9ch\u00e9ance de couverture, recours<\/p>\n<\/li>\n<li data-start=\"406\" data-end=\"424\">\n<p data-start=\"408\" data-end=\"424\">D\u00e9fense p\u00e9nale<\/p>\n<\/li>\n<li data-start=\"425\" data-end=\"456\">\n<p data-start=\"427\" data-end=\"456\">Accidents de la circulation<\/p>\n<\/li>\n<li data-start=\"457\" data-end=\"478\">\n<p data-start=\"459\" data-end=\"478\">Conseil juridique<\/p>\n<\/li>\n<li data-start=\"479\" data-end=\"504\">\n<p data-start=\"481\" data-end=\"504\">R\u00e8glement des litiges<\/p>\n<\/li>\n<\/ul>\n","protected":false},"excerpt":{"rendered":"<p>Traitement des dossiers de sinistres Dommages corporels Droit de la circulation routi\u00e8re Responsabilit\u00e9 m\u00e9dicale Responsabilit\u00e9 des pouvoirs publics Accidents du<\/p>\n","protected":false},"author":3,"featured_media":0,"parent":0,"menu_order":0,"comment_status":"closed","ping_status":"closed","template":"","meta":{"footnotes":""},"class_list":["post-1556","page","type-page","status-publish","hentry"],"_links":{"self":[{"href":"https:\/\/www.fr.schrevens-michiels-law.be\/index.php?rest_route=\/wp\/v2\/pages\/1556","targetHints":{"allow":["GET"]}}],"collection":[{"href":"https:\/\/www.fr.schrevens-michiels-law.be\/index.php?rest_route=\/wp\/v2\/pages"}],"about":[{"href":"https:\/\/www.fr.schrevens-michiels-law.be\/index.php?rest_route=\/wp\/v2\/types\/page"}],"author":[{"embeddable":true,"href":"https:\/\/www.fr.schrevens-michiels-law.be\/index.php?rest_route=\/wp\/v2\/users\/3"}],"replies":[{"embeddable":true,"href":"https:\/\/www.fr.schrevens-michiels-law.be\/index.php?rest_route=%2Fwp%2Fv2%2Fcomments&post=1556"}],"version-history":[{"count":1,"href":"https:\/\/www.fr.schrevens-michiels-law.be\/index.php?rest_route=\/wp\/v2\/pages\/1556\/revisions"}],"predecessor-version":[{"id":1557,"href":"https:\/\/www.fr.schrevens-michiels-law.be\/index.php?rest_route=\/wp\/v2\/pages\/1556\/revisions\/1557"}],"wp:attachment":[{"href":"https:\/\/www.fr.schrevens-michiels-law.be\/index.php?rest_route=%2Fwp%2Fv2%2Fmedia&parent=1556"}],"curies":[{"name":"wp","href":"https:\/\/api.w.org\/{rel}","templated":true}]}}