{"id":1558,"date":"2025-08-14T07:35:17","date_gmt":"2025-08-14T07:35:17","guid":{"rendered":"https:\/\/www.fr.schrevens-michiels-law.be\/?page_id=1558"},"modified":"2025-08-14T07:35:17","modified_gmt":"2025-08-14T07:35:17","slug":"droit-des-assurances","status":"publish","type":"page","link":"https:\/\/www.fr.schrevens-michiels-law.be\/?page_id=1558","title":{"rendered":"Droit des assurances"},"content":{"rendered":"<ul data-start=\"78\" data-end=\"234\">\n<li data-start=\"78\" data-end=\"119\">\n<p data-start=\"80\" data-end=\"119\">Couverture et litiges avec l\u2019assureur<\/p>\n<\/li>\n<li data-start=\"120\" data-end=\"135\">\n<p data-start=\"122\" data-end=\"135\">Subrogation<\/p>\n<\/li>\n<li data-start=\"136\" data-end=\"147\">\n<p data-start=\"138\" data-end=\"147\">Recours<\/p>\n<\/li>\n<li data-start=\"148\" data-end=\"172\">\n<p data-start=\"150\" data-end=\"172\">Contrats d\u2019assurance<\/p>\n<\/li>\n<li data-start=\"173\" data-end=\"186\">\n<p data-start=\"175\" data-end=\"186\">D\u00e9ch\u00e9ance<\/p>\n<\/li>\n<li data-start=\"187\" data-end=\"208\">\n<p data-start=\"189\" data-end=\"208\">Conseil juridique<\/p>\n<\/li>\n<li data-start=\"209\" data-end=\"234\">\n<p data-start=\"211\" data-end=\"234\">R\u00e8glement des litiges<\/p>\n<\/li>\n<\/ul>\n","protected":false},"excerpt":{"rendered":"<p>Couverture et litiges avec l\u2019assureur Subrogation Recours Contrats d\u2019assurance D\u00e9ch\u00e9ance Conseil juridique R\u00e8glement des litiges<\/p>\n","protected":false},"author":3,"featured_media":0,"parent":0,"menu_order":0,"comment_status":"closed","ping_status":"closed","template":"","meta":{"footnotes":""},"class_list":["post-1558","page","type-page","status-publish","hentry"],"_links":{"self":[{"href":"https:\/\/www.fr.schrevens-michiels-law.be\/index.php?rest_route=\/wp\/v2\/pages\/1558","targetHints":{"allow":["GET"]}}],"collection":[{"href":"https:\/\/www.fr.schrevens-michiels-law.be\/index.php?rest_route=\/wp\/v2\/pages"}],"about":[{"href":"https:\/\/www.fr.schrevens-michiels-law.be\/index.php?rest_route=\/wp\/v2\/types\/page"}],"author":[{"embeddable":true,"href":"https:\/\/www.fr.schrevens-michiels-law.be\/index.php?rest_route=\/wp\/v2\/users\/3"}],"replies":[{"embeddable":true,"href":"https:\/\/www.fr.schrevens-michiels-law.be\/index.php?rest_route=%2Fwp%2Fv2%2Fcomments&post=1558"}],"version-history":[{"count":1,"href":"https:\/\/www.fr.schrevens-michiels-law.be\/index.php?rest_route=\/wp\/v2\/pages\/1558\/revisions"}],"predecessor-version":[{"id":1559,"href":"https:\/\/www.fr.schrevens-michiels-law.be\/index.php?rest_route=\/wp\/v2\/pages\/1558\/revisions\/1559"}],"wp:attachment":[{"href":"https:\/\/www.fr.schrevens-michiels-law.be\/index.php?rest_route=%2Fwp%2Fv2%2Fmedia&parent=1558"}],"curies":[{"name":"wp","href":"https:\/\/api.w.org\/{rel}","templated":true}]}}