{"id":1560,"date":"2025-08-14T07:35:41","date_gmt":"2025-08-14T07:35:41","guid":{"rendered":"https:\/\/www.fr.schrevens-michiels-law.be\/?page_id=1560"},"modified":"2025-08-14T07:35:41","modified_gmt":"2025-08-14T07:35:41","slug":"pratiques-commerciales-et-vente-a-distance","status":"publish","type":"page","link":"https:\/\/www.fr.schrevens-michiels-law.be\/?page_id=1560","title":{"rendered":"Pratiques commerciales et vente \u00e0 distance"},"content":{"rendered":"<ul data-start=\"100\" data-end=\"423\">\n<li data-start=\"100\" data-end=\"124\">\n<p data-start=\"102\" data-end=\"124\">Actions en cessation<\/p>\n<\/li>\n<li data-start=\"125\" data-end=\"161\">\n<p data-start=\"127\" data-end=\"161\">Pratiques commerciales d\u00e9loyales<\/p>\n<\/li>\n<li data-start=\"162\" data-end=\"316\">\n<p data-start=\"164\" data-end=\"316\">V\u00e9rification de toutes formes de publicit\u00e9 \u00e0 la lumi\u00e8re de la loi sur les pratiques du commerce et de la loi relative \u00e0 la protection de la vie priv\u00e9e<\/p>\n<\/li>\n<li data-start=\"317\" data-end=\"375\">\n<p data-start=\"319\" data-end=\"375\">R\u00e9daction et relecture de contrats de vente \u00e0 distance<\/p>\n<\/li>\n<li data-start=\"376\" data-end=\"397\">\n<p data-start=\"378\" data-end=\"397\">Conseil juridique<\/p>\n<\/li>\n<li data-start=\"398\" data-end=\"423\">\n<p data-start=\"400\" data-end=\"423\">R\u00e8glement des litiges<\/p>\n<\/li>\n<\/ul>\n","protected":false},"excerpt":{"rendered":"<p>Actions en cessation Pratiques commerciales d\u00e9loyales V\u00e9rification de toutes formes de publicit\u00e9 \u00e0 la lumi\u00e8re de la loi sur les<\/p>\n","protected":false},"author":3,"featured_media":0,"parent":0,"menu_order":0,"comment_status":"closed","ping_status":"closed","template":"","meta":{"footnotes":""},"class_list":["post-1560","page","type-page","status-publish","hentry"],"_links":{"self":[{"href":"https:\/\/www.fr.schrevens-michiels-law.be\/index.php?rest_route=\/wp\/v2\/pages\/1560","targetHints":{"allow":["GET"]}}],"collection":[{"href":"https:\/\/www.fr.schrevens-michiels-law.be\/index.php?rest_route=\/wp\/v2\/pages"}],"about":[{"href":"https:\/\/www.fr.schrevens-michiels-law.be\/index.php?rest_route=\/wp\/v2\/types\/page"}],"author":[{"embeddable":true,"href":"https:\/\/www.fr.schrevens-michiels-law.be\/index.php?rest_route=\/wp\/v2\/users\/3"}],"replies":[{"embeddable":true,"href":"https:\/\/www.fr.schrevens-michiels-law.be\/index.php?rest_route=%2Fwp%2Fv2%2Fcomments&post=1560"}],"version-history":[{"count":1,"href":"https:\/\/www.fr.schrevens-michiels-law.be\/index.php?rest_route=\/wp\/v2\/pages\/1560\/revisions"}],"predecessor-version":[{"id":1561,"href":"https:\/\/www.fr.schrevens-michiels-law.be\/index.php?rest_route=\/wp\/v2\/pages\/1560\/revisions\/1561"}],"wp:attachment":[{"href":"https:\/\/www.fr.schrevens-michiels-law.be\/index.php?rest_route=%2Fwp%2Fv2%2Fmedia&parent=1560"}],"curies":[{"name":"wp","href":"https:\/\/api.w.org\/{rel}","templated":true}]}}