{"id":1562,"date":"2025-08-14T07:36:19","date_gmt":"2025-08-14T07:36:19","guid":{"rendered":"https:\/\/www.fr.schrevens-michiels-law.be\/?page_id=1562"},"modified":"2025-08-14T07:36:19","modified_gmt":"2025-08-14T07:36:19","slug":"droits-de-propriete-intellectuelle-et-e-commerce","status":"publish","type":"page","link":"https:\/\/www.fr.schrevens-michiels-law.be\/?page_id=1562","title":{"rendered":"Droits de propri\u00e9t\u00e9 intellectuelle et e-commerce"},"content":{"rendered":"<ul data-start=\"106\" data-end=\"532\">\n<li data-start=\"106\" data-end=\"205\">\n<p data-start=\"108\" data-end=\"205\">Propri\u00e9t\u00e9 intellectuelle : droit d\u2019auteur, marques, dessins et mod\u00e8les, brevets, licences, etc.<\/p>\n<\/li>\n<li data-start=\"206\" data-end=\"280\">\n<p data-start=\"208\" data-end=\"280\">Conseil relatif aux aspects juridiques du site web de votre entreprise<\/p>\n<\/li>\n<li data-start=\"281\" data-end=\"334\">\n<p data-start=\"283\" data-end=\"334\">Assistance juridique pour les op\u00e9rations en ligne<\/p>\n<\/li>\n<li data-start=\"335\" data-end=\"484\">\n<p data-start=\"337\" data-end=\"484\">Assistance juridique en cas de probl\u00e8mes \u00e9ventuels dans les relations contractuelles avec des h\u00e9bergeurs ou des entreprises de t\u00e9l\u00e9communications<\/p>\n<\/li>\n<li data-start=\"485\" data-end=\"506\">\n<p data-start=\"487\" data-end=\"506\">Conseil juridique<\/p>\n<\/li>\n<li data-start=\"507\" data-end=\"532\">\n<p data-start=\"509\" data-end=\"532\">R\u00e8glement des litiges<\/p>\n<\/li>\n<\/ul>\n","protected":false},"excerpt":{"rendered":"<p>Propri\u00e9t\u00e9 intellectuelle : droit d\u2019auteur, marques, dessins et mod\u00e8les, brevets, licences, etc. Conseil relatif aux aspects juridiques du site web<\/p>\n","protected":false},"author":3,"featured_media":0,"parent":0,"menu_order":0,"comment_status":"closed","ping_status":"closed","template":"","meta":{"footnotes":""},"class_list":["post-1562","page","type-page","status-publish","hentry"],"_links":{"self":[{"href":"https:\/\/www.fr.schrevens-michiels-law.be\/index.php?rest_route=\/wp\/v2\/pages\/1562","targetHints":{"allow":["GET"]}}],"collection":[{"href":"https:\/\/www.fr.schrevens-michiels-law.be\/index.php?rest_route=\/wp\/v2\/pages"}],"about":[{"href":"https:\/\/www.fr.schrevens-michiels-law.be\/index.php?rest_route=\/wp\/v2\/types\/page"}],"author":[{"embeddable":true,"href":"https:\/\/www.fr.schrevens-michiels-law.be\/index.php?rest_route=\/wp\/v2\/users\/3"}],"replies":[{"embeddable":true,"href":"https:\/\/www.fr.schrevens-michiels-law.be\/index.php?rest_route=%2Fwp%2Fv2%2Fcomments&post=1562"}],"version-history":[{"count":1,"href":"https:\/\/www.fr.schrevens-michiels-law.be\/index.php?rest_route=\/wp\/v2\/pages\/1562\/revisions"}],"predecessor-version":[{"id":1563,"href":"https:\/\/www.fr.schrevens-michiels-law.be\/index.php?rest_route=\/wp\/v2\/pages\/1562\/revisions\/1563"}],"wp:attachment":[{"href":"https:\/\/www.fr.schrevens-michiels-law.be\/index.php?rest_route=%2Fwp%2Fv2%2Fmedia&parent=1562"}],"curies":[{"name":"wp","href":"https:\/\/api.w.org\/{rel}","templated":true}]}}