{"id":1564,"date":"2025-08-14T07:38:58","date_gmt":"2025-08-14T07:38:58","guid":{"rendered":"https:\/\/www.fr.schrevens-michiels-law.be\/?page_id=1564"},"modified":"2025-08-14T07:39:04","modified_gmt":"2025-08-14T07:39:04","slug":"recouvrement-de-creances-et-droit-de-lexecution","status":"publish","type":"page","link":"https:\/\/www.fr.schrevens-michiels-law.be\/?page_id=1564","title":{"rendered":"Recouvrement de cr\u00e9ances et droit de l\u2019ex\u00e9cution"},"content":{"rendered":"<ul data-start=\"106\" data-end=\"390\">\n<li data-start=\"106\" data-end=\"134\">\n<p data-start=\"108\" data-end=\"134\">Recouvrement de cr\u00e9ances<\/p>\n<\/li>\n<li data-start=\"135\" data-end=\"155\">\n<p data-start=\"137\" data-end=\"155\">Contrats de pr\u00eat<\/p>\n<\/li>\n<li data-start=\"156\" data-end=\"184\">\n<p data-start=\"158\" data-end=\"184\">Cr\u00e9dit \u00e0 la consommation<\/p>\n<\/li>\n<li data-start=\"185\" data-end=\"208\">\n<p data-start=\"187\" data-end=\"208\">Cr\u00e9dit hypoth\u00e9caire<\/p>\n<\/li>\n<li data-start=\"209\" data-end=\"221\">\n<p data-start=\"211\" data-end=\"221\">Cautions<\/p>\n<\/li>\n<li data-start=\"222\" data-end=\"249\">\n<p data-start=\"224\" data-end=\"249\">Privil\u00e8ges et garanties<\/p>\n<\/li>\n<li data-start=\"250\" data-end=\"294\">\n<p data-start=\"252\" data-end=\"294\">Saisie conservatoire et saisie-ex\u00e9cution<\/p>\n<\/li>\n<li data-start=\"295\" data-end=\"319\">\n<p data-start=\"297\" data-end=\"319\">R\u00e9alisation de gages<\/p>\n<\/li>\n<li data-start=\"320\" data-end=\"342\">\n<p data-start=\"322\" data-end=\"342\">Report de paiement<\/p>\n<\/li>\n<li data-start=\"343\" data-end=\"364\">\n<p data-start=\"345\" data-end=\"364\">Conseil juridique<\/p>\n<\/li>\n<li data-start=\"365\" data-end=\"390\">\n<p data-start=\"367\" data-end=\"390\">R\u00e8glement des litiges<\/p>\n<\/li>\n<\/ul>\n","protected":false},"excerpt":{"rendered":"<p>Recouvrement de cr\u00e9ances Contrats de pr\u00eat Cr\u00e9dit \u00e0 la consommation Cr\u00e9dit hypoth\u00e9caire Cautions Privil\u00e8ges et garanties Saisie conservatoire et saisie-ex\u00e9cution<\/p>\n","protected":false},"author":3,"featured_media":0,"parent":0,"menu_order":0,"comment_status":"closed","ping_status":"closed","template":"","meta":{"footnotes":""},"class_list":["post-1564","page","type-page","status-publish","hentry"],"_links":{"self":[{"href":"https:\/\/www.fr.schrevens-michiels-law.be\/index.php?rest_route=\/wp\/v2\/pages\/1564","targetHints":{"allow":["GET"]}}],"collection":[{"href":"https:\/\/www.fr.schrevens-michiels-law.be\/index.php?rest_route=\/wp\/v2\/pages"}],"about":[{"href":"https:\/\/www.fr.schrevens-michiels-law.be\/index.php?rest_route=\/wp\/v2\/types\/page"}],"author":[{"embeddable":true,"href":"https:\/\/www.fr.schrevens-michiels-law.be\/index.php?rest_route=\/wp\/v2\/users\/3"}],"replies":[{"embeddable":true,"href":"https:\/\/www.fr.schrevens-michiels-law.be\/index.php?rest_route=%2Fwp%2Fv2%2Fcomments&post=1564"}],"version-history":[{"count":1,"href":"https:\/\/www.fr.schrevens-michiels-law.be\/index.php?rest_route=\/wp\/v2\/pages\/1564\/revisions"}],"predecessor-version":[{"id":1565,"href":"https:\/\/www.fr.schrevens-michiels-law.be\/index.php?rest_route=\/wp\/v2\/pages\/1564\/revisions\/1565"}],"wp:attachment":[{"href":"https:\/\/www.fr.schrevens-michiels-law.be\/index.php?rest_route=%2Fwp%2Fv2%2Fmedia&parent=1564"}],"curies":[{"name":"wp","href":"https:\/\/api.w.org\/{rel}","templated":true}]}}