{"id":1566,"date":"2025-08-14T07:39:17","date_gmt":"2025-08-14T07:39:17","guid":{"rendered":"https:\/\/www.fr.schrevens-michiels-law.be\/?page_id=1566"},"modified":"2025-08-14T07:39:17","modified_gmt":"2025-08-14T07:39:17","slug":"droit-de-linformatique-et-des-telecommunications","status":"publish","type":"page","link":"https:\/\/www.fr.schrevens-michiels-law.be\/?page_id=1566","title":{"rendered":"Droit de l\u2019informatique et des t\u00e9l\u00e9communications"},"content":{"rendered":"<ul data-start=\"107\" data-end=\"326\">\n<li data-start=\"107\" data-end=\"128\">\n<p data-start=\"109\" data-end=\"128\">Conseil juridique<\/p>\n<\/li>\n<li data-start=\"129\" data-end=\"185\">\n<p data-start=\"131\" data-end=\"185\">Relecture, r\u00e9daction, etc. de contrats informatiques<\/p>\n<\/li>\n<li data-start=\"186\" data-end=\"239\">\n<p data-start=\"188\" data-end=\"239\">M\u00e9diation dans les conflits li\u00e9s \u00e0 l\u2019informatique<\/p>\n<\/li>\n<li data-start=\"240\" data-end=\"300\">\n<p data-start=\"242\" data-end=\"300\">Assistance dans les n\u00e9gociations en mati\u00e8re informatique<\/p>\n<\/li>\n<li data-start=\"301\" data-end=\"326\">\n<p data-start=\"303\" data-end=\"326\">R\u00e8glement des litiges<\/p>\n<\/li>\n<\/ul>\n","protected":false},"excerpt":{"rendered":"<p>Conseil juridique Relecture, r\u00e9daction, etc. de contrats informatiques M\u00e9diation dans les conflits li\u00e9s \u00e0 l\u2019informatique Assistance dans les n\u00e9gociations en<\/p>\n","protected":false},"author":3,"featured_media":0,"parent":0,"menu_order":0,"comment_status":"closed","ping_status":"closed","template":"","meta":{"footnotes":""},"class_list":["post-1566","page","type-page","status-publish","hentry"],"_links":{"self":[{"href":"https:\/\/www.fr.schrevens-michiels-law.be\/index.php?rest_route=\/wp\/v2\/pages\/1566","targetHints":{"allow":["GET"]}}],"collection":[{"href":"https:\/\/www.fr.schrevens-michiels-law.be\/index.php?rest_route=\/wp\/v2\/pages"}],"about":[{"href":"https:\/\/www.fr.schrevens-michiels-law.be\/index.php?rest_route=\/wp\/v2\/types\/page"}],"author":[{"embeddable":true,"href":"https:\/\/www.fr.schrevens-michiels-law.be\/index.php?rest_route=\/wp\/v2\/users\/3"}],"replies":[{"embeddable":true,"href":"https:\/\/www.fr.schrevens-michiels-law.be\/index.php?rest_route=%2Fwp%2Fv2%2Fcomments&post=1566"}],"version-history":[{"count":1,"href":"https:\/\/www.fr.schrevens-michiels-law.be\/index.php?rest_route=\/wp\/v2\/pages\/1566\/revisions"}],"predecessor-version":[{"id":1567,"href":"https:\/\/www.fr.schrevens-michiels-law.be\/index.php?rest_route=\/wp\/v2\/pages\/1566\/revisions\/1567"}],"wp:attachment":[{"href":"https:\/\/www.fr.schrevens-michiels-law.be\/index.php?rest_route=%2Fwp%2Fv2%2Fmedia&parent=1566"}],"curies":[{"name":"wp","href":"https:\/\/api.w.org\/{rel}","templated":true}]}}