{"id":29,"date":"2018-04-23T13:37:38","date_gmt":"2018-04-23T13:37:38","guid":{"rendered":"http:\/\/www.schrevens-michiels-law.be\/?page_id=29"},"modified":"2025-08-13T12:44:12","modified_gmt":"2025-08-13T12:44:12","slug":"test","status":"publish","type":"page","link":"https:\/\/www.fr.schrevens-michiels-law.be\/","title":{"rendered":""},"content":{"rendered":"<h1 data-start=\"62\" data-end=\"244\"><strong data-start=\"62\" data-end=\"96\">Fort en droit. Proche de vous.<\/strong><\/h1>\n<p data-start=\"62\" data-end=\"244\">Des conseils juridiques avec expertise, engagement et un regard attentif sur ce qui compte vraiment. Nous \u00e9coutons, accompagnons et anticipons.<\/p>\n<p data-start=\"246\" data-end=\"609\"><strong>Le cabinet d\u2019avocats Schrevens &amp; Michiels<\/strong> est une r\u00e9f\u00e9rence \u00e9tablie dans le paysage juridique louvaniste. <strong>Fond\u00e9 en 1992,<\/strong> le cabinet s\u2019est forg\u00e9 une solide r\u00e9putation dans la r\u00e9gion. Install\u00e9s au si\u00e8ge social sis <strong>Diestsesteenweg 375\/0001, 3010 Kessel-Lo<\/strong>, nous allions de nombreuses ann\u00e9es d\u2019exp\u00e9rience \u00e0 une approche contemporaine et orient\u00e9e vers les solutions.<\/p>\n<p data-start=\"611\" data-end=\"940\">Le cabinet est pass\u00e9 d\u2019une pratique individuelle \u00e0 <strong>une \u00e9quipe compl\u00e8te d\u2019avocats<\/strong> couvrant un large \u00e9ventail de domaines juridiques. Depuis sa cr\u00e9ation, fort de<strong> plus de 30 ans d\u2019exp\u00e9rience<\/strong>, nous avons assist\u00e9 avec succ\u00e8s d\u2019innombrables clients dans divers domaines du droit, tant sur le plan individuel que pour les entreprises.<\/p>\n<p data-start=\"942\" data-end=\"1254\">Tous les avocats mentionn\u00e9s sur ce site et sur notre papier \u00e0 en-t\u00eate sont reconnus en Belgique et inscrits au barreau de Louvain. Me Micha\u00ebl Schrevens et Me Nadia Michiels sont \u00e9galement inscrits au barreau de Flandre-Occidentale. Ils sont les administrateurs de la SRL Cabinet d\u2019avocats Schrevens &amp; Michiels.<\/p>\n<p data-start=\"1256\" data-end=\"1469\">Chaque avocat du cabinet exerce en son nom propre, mais partage une vision commune : <strong>des conseils juridiques impliqu\u00e9s, comp\u00e9tents et clairs<\/strong>, avec une attention particuli\u00e8re pour la personne derri\u00e8re le dossier.<\/p>\n<h1 data-start=\"50\" data-end=\"188\"><strong data-start=\"50\" data-end=\"60\">\u00c9quipe<\/strong><\/h1>\n<p data-start=\"50\" data-end=\"188\">Au fil des ann\u00e9es, le cabinet s\u2019est enrichi de collaborateurs pr\u00e9cieux. Aujourd\u2019hui, notre \u00e9quipe se compose notamment de :<\/p>\n<ul data-start=\"190\" data-end=\"522\">\n<li data-start=\"190\" data-end=\"263\">\n<p data-start=\"192\" data-end=\"263\"><strong data-start=\"192\" data-end=\"216\">Me Micha\u00ebl Schrevens<\/strong>, actif depuis 1998 et cofondateur du cabinet<\/p>\n<\/li>\n<li data-start=\"264\" data-end=\"363\">\n<p data-start=\"266\" data-end=\"363\"><strong data-start=\"266\" data-end=\"287\">Me Nadia Michiels<\/strong>, m\u00e9diatrice agr\u00e9\u00e9e et sp\u00e9cialis\u00e9e en droit des personnes et de la famille<\/p>\n<\/li>\n<li data-start=\"364\" data-end=\"494\">\n<p data-start=\"366\" data-end=\"494\"><strong data-start=\"366\" data-end=\"385\">Me Chiara Rossi<\/strong> et <strong data-start=\"389\" data-end=\"411\">Me Suzanne Delbare<\/strong>, collaboratrices juridiquement solides, chacune avec ses propres sp\u00e9cialisations<\/p>\n<\/li>\n<li data-start=\"495\" data-end=\"522\">\n<p data-start=\"497\" data-end=\"522\">Divers experts externes<\/p>\n<\/li>\n<\/ul>\n<p data-start=\"524\" data-end=\"589\">Pour notre fonctionnement quotidien, nous pouvons compter sur :<\/p>\n<ul data-start=\"591\" data-end=\"878\">\n<li data-start=\"591\" data-end=\"653\">\n<p data-start=\"593\" data-end=\"653\"><strong data-start=\"593\" data-end=\"610\">Sandy Robertz<\/strong>, responsable administrative (secr\u00e9taire)<\/p>\n<\/li>\n<li data-start=\"654\" data-end=\"822\">\n<p data-start=\"656\" data-end=\"822\"><strong data-start=\"656\" data-end=\"676\">Kris Vanderwegen<\/strong> (expert-comptable certifi\u00e9), <strong data-start=\"706\" data-end=\"721\">Jonas Aerts<\/strong> (comptable fiscaliste) et <strong data-start=\"748\" data-end=\"772\">Jan-Pieter Nackaerts<\/strong> (gestionnaire de dossiers) pour la comptabilit\u00e9<\/p>\n<\/li>\n<li data-start=\"823\" data-end=\"878\">\n<p data-start=\"825\" data-end=\"878\"><strong data-start=\"825\" data-end=\"844\">Ludo Van Gelder<\/strong> pour notre support informatique<\/p>\n<\/li>\n<\/ul>\n<p data-start=\"880\" data-end=\"1023\">Ensemble, nous formons une \u00e9quipe soud\u00e9e et pluridisciplinaire, travaillant avec d\u00e9vouement \u00e0 des solutions juridiques pratiques et durables.<\/p>\n","protected":false},"excerpt":{"rendered":"<p>Fort en droit. Proche de vous. Des conseils juridiques avec expertise, engagement et un regard attentif sur ce qui compte<\/p>\n","protected":false},"author":2,"featured_media":0,"parent":0,"menu_order":0,"comment_status":"closed","ping_status":"closed","template":"","meta":{"footnotes":""},"class_list":["post-29","page","type-page","status-publish","hentry"],"_links":{"self":[{"href":"https:\/\/www.fr.schrevens-michiels-law.be\/index.php?rest_route=\/wp\/v2\/pages\/29","targetHints":{"allow":["GET"]}}],"collection":[{"href":"https:\/\/www.fr.schrevens-michiels-law.be\/index.php?rest_route=\/wp\/v2\/pages"}],"about":[{"href":"https:\/\/www.fr.schrevens-michiels-law.be\/index.php?rest_route=\/wp\/v2\/types\/page"}],"author":[{"embeddable":true,"href":"https:\/\/www.fr.schrevens-michiels-law.be\/index.php?rest_route=\/wp\/v2\/users\/2"}],"replies":[{"embeddable":true,"href":"https:\/\/www.fr.schrevens-michiels-law.be\/index.php?rest_route=%2Fwp%2Fv2%2Fcomments&post=29"}],"version-history":[{"count":15,"href":"https:\/\/www.fr.schrevens-michiels-law.be\/index.php?rest_route=\/wp\/v2\/pages\/29\/revisions"}],"predecessor-version":[{"id":1478,"href":"https:\/\/www.fr.schrevens-michiels-law.be\/index.php?rest_route=\/wp\/v2\/pages\/29\/revisions\/1478"}],"wp:attachment":[{"href":"https:\/\/www.fr.schrevens-michiels-law.be\/index.php?rest_route=%2Fwp%2Fv2%2Fmedia&parent=29"}],"curies":[{"name":"wp","href":"https:\/\/api.w.org\/{rel}","templated":true}]}}