{"id":380,"date":"2018-05-17T13:52:16","date_gmt":"2018-05-17T13:52:16","guid":{"rendered":"http:\/\/www.schrevens-michiels-law.be\/?page_id=380"},"modified":"2019-02-06T23:27:17","modified_gmt":"2019-02-06T23:27:17","slug":"diensten","status":"publish","type":"page","link":"https:\/\/www.fr.schrevens-michiels-law.be\/?page_id=380","title":{"rendered":"Services"},"content":{"rendered":"<p>Tous les services offerts par le cabinet d\u2019avocats Schrevens &amp; Michiels\u00a0:<\/p>\n<ul>\n<li>Le cabinet d&#8217;avocats SCHREVENS &amp; MICHIELS a pour objectif principal d&#8217;\u00eatre un partenaire de choix pour ses clients, non seulement dans le traitement de leurs litiges, mais aussi et surtout dans le conseil. En bref, le cabinet d\u2019avocats SCHREVENS &amp; MICHIELS est un bureau proposant \u00ab un service complet \u00bb !<\/li>\n<li>Chaque client peut venir ici avec n&#8217;importe quelle question ou probl\u00e8me. Nous offrons un ensemble complet de services, pour les probl\u00e8mes nationaux et internationaux.<\/li>\n<li>Le bureau a les qualit\u00e9s pour aider les particuliers et les entreprises<\/li>\n<li>Afin de vous offrir un service qualitatif et correct, tous nos avocats suivent r\u00e9guli\u00e8rement une formation juridique compl\u00e9mentaire.<\/li>\n<li>Le bureau est facilement accessible et a une communication ouverte avec ses clients. Tous les avocats peuvent toujours \u00eatre contact\u00e9s par e-mail, t\u00e9l\u00e9phone et fax. Vous \u00eates \u00e9galement toujours les bienvenus pour un entretien sur rendez-vous. Pour assurer un suivi appropri\u00e9 des dossiers, des r\u00e9unions sont r\u00e9guli\u00e8rement organis\u00e9es avec les partenaires.<\/li>\n<\/ul>\n","protected":false},"excerpt":{"rendered":"<p>Tous les services offerts par le cabinet d\u2019avocats Schrevens &amp; Michiels\u00a0: Le cabinet d&#8217;avocats SCHREVENS &amp; MICHIELS a pour objectif<\/p>\n","protected":false},"author":2,"featured_media":0,"parent":0,"menu_order":0,"comment_status":"closed","ping_status":"closed","template":"","meta":{"footnotes":""},"class_list":["post-380","page","type-page","status-publish","hentry"],"_links":{"self":[{"href":"https:\/\/www.fr.schrevens-michiels-law.be\/index.php?rest_route=\/wp\/v2\/pages\/380","targetHints":{"allow":["GET"]}}],"collection":[{"href":"https:\/\/www.fr.schrevens-michiels-law.be\/index.php?rest_route=\/wp\/v2\/pages"}],"about":[{"href":"https:\/\/www.fr.schrevens-michiels-law.be\/index.php?rest_route=\/wp\/v2\/types\/page"}],"author":[{"embeddable":true,"href":"https:\/\/www.fr.schrevens-michiels-law.be\/index.php?rest_route=\/wp\/v2\/users\/2"}],"replies":[{"embeddable":true,"href":"https:\/\/www.fr.schrevens-michiels-law.be\/index.php?rest_route=%2Fwp%2Fv2%2Fcomments&post=380"}],"version-history":[{"count":1,"href":"https:\/\/www.fr.schrevens-michiels-law.be\/index.php?rest_route=\/wp\/v2\/pages\/380\/revisions"}],"predecessor-version":[{"id":1046,"href":"https:\/\/www.fr.schrevens-michiels-law.be\/index.php?rest_route=\/wp\/v2\/pages\/380\/revisions\/1046"}],"wp:attachment":[{"href":"https:\/\/www.fr.schrevens-michiels-law.be\/index.php?rest_route=%2Fwp%2Fv2%2Fmedia&parent=380"}],"curies":[{"name":"wp","href":"https:\/\/api.w.org\/{rel}","templated":true}]}}