{"id":384,"date":"2018-05-17T13:53:09","date_gmt":"2018-05-17T13:53:09","guid":{"rendered":"http:\/\/www.schrevens-michiels-law.be\/?page_id=384"},"modified":"2019-07-18T08:59:00","modified_gmt":"2019-07-18T08:59:00","slug":"informatica-en-telecomunicatierecht","status":"publish","type":"page","link":"https:\/\/www.fr.schrevens-michiels-law.be\/?page_id=384","title":{"rendered":"Droit de l&#8217;informatique et des t\u00e9l\u00e9communications"},"content":{"rendered":"<ul>\n<li>conseil<\/li>\n<li>r\u00e9vision, r\u00e9daction et similaire de contrats informatiques<\/li>\n<li>m\u00e9diation en situation de conflit informatique<\/li>\n<li>assistance dans les n\u00e9gociations informatiques<\/li>\n<li>r\u00e8glement des litiges<\/li>\n<\/ul>\n<h6><\/h6>\n<h6><a href=\"http:\/\/www.schrevens-michiels-law.be\/?page_id=390\"><span style=\"color: #1e73be;\"><span style=\"color: #ff0000;\">\u2192<\/span><\/span><\/a><a href=\"http:\/\/www.fr.schrevens-michiels-law.be\/?page_id=384\">Droits de l&#8217;informatique et des t\u00e9l\u00e9communications<\/a><br \/>\n<a href=\"http:\/\/www.fr.schrevens-michiels-law.be\/?page_id=390\">Droits intellectuels et commerce \u00e9lectronique<\/a><br \/>\n<a href=\"http:\/\/www.fr.schrevens-michiels-law.be\/?page_id=395\">Droit du travail et s\u00e9curit\u00e9 sociale<\/a><br \/>\n<a href=\"http:\/\/www.fr.schrevens-michiels-law.be\/?page_id=399\">Droit des assurances<\/a><br \/>\n<a href=\"http:\/\/www.fr.schrevens-michiels-law.be\/?page_id=403\">Droit de la responsabilit\u00e9<\/a><br \/>\n<a href=\"http:\/\/www.fr.schrevens-michiels-law.be\/?page_id=407\">Droit de la famille<\/a><br \/>\n<a href=\"http:\/\/www.fr.schrevens-michiels-law.be\/?page_id=411\">Droit de location<\/a><br \/>\n<a href=\"http:\/\/www.fr.schrevens-michiels-law.be\/?page_id=415\">Droit de la construction<\/a><br \/>\n<a href=\"http:\/\/www.fr.schrevens-michiels-law.be\/?page_id=419\">Droit commercial et droit des soci\u00e9t\u00e9s<\/a><br \/>\n<a href=\"http:\/\/www.fr.schrevens-michiels-law.be\/?page_id=423\">R\u00e9cup\u00e9ration et ex\u00e9cution<\/a><br \/>\n<a href=\"http:\/\/www.fr.schrevens-michiels-law.be\/?page_id=427\">Droit des contrats<\/a><br \/>\n<a href=\"http:\/\/www.fr.schrevens-michiels-law.be\/?page_id=431\">Pratiques commerciales et vente \u00e0 distance<\/a><br \/>\n<a href=\"http:\/\/www.fr.schrevens-michiels-law.be\/?page_id=435\">Loi de s\u00e9curit\u00e9<\/a><br \/>\n<a href=\"http:\/\/www.fr.schrevens-michiels-law.be\/?page_id=439\">Droit de la circulation<\/a><\/h6>\n","protected":false},"excerpt":{"rendered":"<p>conseil r\u00e9vision, r\u00e9daction et similaire de contrats informatiques m\u00e9diation en situation de conflit informatique assistance dans les n\u00e9gociations informatiques r\u00e8glement<\/p>\n","protected":false},"author":2,"featured_media":0,"parent":0,"menu_order":0,"comment_status":"closed","ping_status":"closed","template":"","meta":{"footnotes":""},"class_list":["post-384","page","type-page","status-publish","hentry"],"_links":{"self":[{"href":"https:\/\/www.fr.schrevens-michiels-law.be\/index.php?rest_route=\/wp\/v2\/pages\/384","targetHints":{"allow":["GET"]}}],"collection":[{"href":"https:\/\/www.fr.schrevens-michiels-law.be\/index.php?rest_route=\/wp\/v2\/pages"}],"about":[{"href":"https:\/\/www.fr.schrevens-michiels-law.be\/index.php?rest_route=\/wp\/v2\/types\/page"}],"author":[{"embeddable":true,"href":"https:\/\/www.fr.schrevens-michiels-law.be\/index.php?rest_route=\/wp\/v2\/users\/2"}],"replies":[{"embeddable":true,"href":"https:\/\/www.fr.schrevens-michiels-law.be\/index.php?rest_route=%2Fwp%2Fv2%2Fcomments&post=384"}],"version-history":[{"count":4,"href":"https:\/\/www.fr.schrevens-michiels-law.be\/index.php?rest_route=\/wp\/v2\/pages\/384\/revisions"}],"predecessor-version":[{"id":1205,"href":"https:\/\/www.fr.schrevens-michiels-law.be\/index.php?rest_route=\/wp\/v2\/pages\/384\/revisions\/1205"}],"wp:attachment":[{"href":"https:\/\/www.fr.schrevens-michiels-law.be\/index.php?rest_route=%2Fwp%2Fv2%2Fmedia&parent=384"}],"curies":[{"name":"wp","href":"https:\/\/api.w.org\/{rel}","templated":true}]}}