{"id":427,"date":"2018-05-17T14:05:46","date_gmt":"2018-05-17T14:05:46","guid":{"rendered":"http:\/\/www.schrevens-michiels-law.be\/?page_id=427"},"modified":"2019-07-18T09:16:18","modified_gmt":"2019-07-18T09:16:18","slug":"contractenrecht","status":"publish","type":"page","link":"https:\/\/www.fr.schrevens-michiels-law.be\/?page_id=427","title":{"rendered":"Droit des contrats"},"content":{"rendered":"<ul>\n<li>r\u00e9diger tous les accords possibles<\/li>\n<li>r\u00e9vision des accords<\/li>\n<li>conseil<\/li>\n<li>r\u00e8glement des litiges<\/li>\n<\/ul>\n<h6><a href=\"http:\/\/www.fr.schrevens-michiels-law.be\/?page_id=384\">Droits de l&#8217;informatique et des t\u00e9l\u00e9communications<\/a><br \/>\n<a href=\"http:\/\/www.fr.schrevens-michiels-law.be\/?page_id=390\">Droits intellectuels et commerce \u00e9lectronique<\/a><br \/>\n<a href=\"http:\/\/www.fr.schrevens-michiels-law.be\/?page_id=395\">Droit du travail et s\u00e9curit\u00e9 sociale<\/a><br \/>\n<a href=\"http:\/\/www.fr.schrevens-michiels-law.be\/?page_id=399\">Droit des assurances<\/a><br \/>\n<a href=\"http:\/\/www.fr.schrevens-michiels-law.be\/?page_id=403\">Droit de la responsabilit\u00e9<\/a><br \/>\n<a href=\"http:\/\/www.fr.schrevens-michiels-law.be\/?page_id=407\">Droit de la famille<\/a><br \/>\n<a href=\"http:\/\/www.fr.schrevens-michiels-law.be\/?page_id=411\">Droit de location<\/a><br \/>\n<a href=\"http:\/\/www.fr.schrevens-michiels-law.be\/?page_id=415\">Droit de la construction<\/a><br \/>\n<a href=\"http:\/\/www.fr.schrevens-michiels-law.be\/?page_id=419\">Droit commercial et droit des soci\u00e9t\u00e9s<\/a><br \/>\n<a href=\"http:\/\/www.fr.schrevens-michiels-law.be\/?page_id=423\">R\u00e9cup\u00e9ration et ex\u00e9cution<\/a><br \/>\n<a href=\"http:\/\/www.fr.schrevens-michiels-law.be\/?page_id=427\"><span style=\"color: #ff0000;\">\u2192<\/span>Droit des contrats<\/a><br \/>\n<a href=\"http:\/\/www.fr.schrevens-michiels-law.be\/?page_id=431\">Pratiques commerciales et vente \u00e0 distance<\/a><br \/>\n<a href=\"http:\/\/www.fr.schrevens-michiels-law.be\/?page_id=435\">Loi de s\u00e9curit\u00e9<\/a><br \/>\n<a href=\"http:\/\/www.fr.schrevens-michiels-law.be\/?page_id=439\">Droit de la circulation<\/a><\/h6>\n","protected":false},"excerpt":{"rendered":"<p>r\u00e9diger tous les accords possibles r\u00e9vision des accords conseil r\u00e8glement des litiges Droits de l&#8217;informatique et des t\u00e9l\u00e9communications Droits intellectuels<\/p>\n","protected":false},"author":2,"featured_media":0,"parent":0,"menu_order":0,"comment_status":"closed","ping_status":"closed","template":"","meta":{"footnotes":""},"class_list":["post-427","page","type-page","status-publish","hentry"],"_links":{"self":[{"href":"https:\/\/www.fr.schrevens-michiels-law.be\/index.php?rest_route=\/wp\/v2\/pages\/427","targetHints":{"allow":["GET"]}}],"collection":[{"href":"https:\/\/www.fr.schrevens-michiels-law.be\/index.php?rest_route=\/wp\/v2\/pages"}],"about":[{"href":"https:\/\/www.fr.schrevens-michiels-law.be\/index.php?rest_route=\/wp\/v2\/types\/page"}],"author":[{"embeddable":true,"href":"https:\/\/www.fr.schrevens-michiels-law.be\/index.php?rest_route=\/wp\/v2\/users\/2"}],"replies":[{"embeddable":true,"href":"https:\/\/www.fr.schrevens-michiels-law.be\/index.php?rest_route=%2Fwp%2Fv2%2Fcomments&post=427"}],"version-history":[{"count":3,"href":"https:\/\/www.fr.schrevens-michiels-law.be\/index.php?rest_route=\/wp\/v2\/pages\/427\/revisions"}],"predecessor-version":[{"id":1230,"href":"https:\/\/www.fr.schrevens-michiels-law.be\/index.php?rest_route=\/wp\/v2\/pages\/427\/revisions\/1230"}],"wp:attachment":[{"href":"https:\/\/www.fr.schrevens-michiels-law.be\/index.php?rest_route=%2Fwp%2Fv2%2Fmedia&parent=427"}],"curies":[{"name":"wp","href":"https:\/\/api.w.org\/{rel}","templated":true}]}}