{"id":443,"date":"2018-05-17T14:09:55","date_gmt":"2018-05-17T14:09:55","guid":{"rendered":"http:\/\/www.schrevens-michiels-law.be\/?page_id=443"},"modified":"2025-08-14T08:10:44","modified_gmt":"2025-08-14T08:10:44","slug":"tarieven-2","status":"publish","type":"page","link":"https:\/\/www.fr.schrevens-michiels-law.be\/?page_id=443","title":{"rendered":"Tarifs"},"content":{"rendered":"<p>La prestation du bureau peut \u00eatre factur\u00e9e de diff\u00e9rentes mani\u00e8res.<\/p>\n<p>En plus des frais, qui incluent des frais pour les repr\u00e9sentations, des frais distincts seront toujours factur\u00e9s, tels qu&#8217;une indemnit\u00e9 kilom\u00e9trique, les frais de dactylographie, les frais de secr\u00e9tariat, etc.<\/p>\n<p>Pour toute information compl\u00e9mentaire, veuillez consulter<a href=\"https:\/\/www.fr.schrevens-michiels-law.be\/?page_id=660\" target=\"_blank\" rel=\"noopener\"> l\u2019exemple de convention-type.<\/a><\/p>\n<p>Les frais peuvent \u00eatre calcul\u00e9s comme suit :<\/p>\n<ol>\n<li><strong>Bas\u00e9 sur un taux horaire<\/strong><\/li>\n<\/ol>\n<p>Un cabinet d\u2019avocats peut utiliser un taux horaire fixe ou diff\u00e9rents taux horaires par type d\u2019avocat, en fonction de son exp\u00e9rience. Le taux horaire peut d\u00e9pendre de facteurs tels que la rapidit\u00e9 requise, l&#8217;expertise requise, la nature et l&#8217;importance de l&#8217;affaire.<\/p>\n<ol start=\"2\">\n<li><strong>un montant fixe<\/strong><\/li>\n<\/ol>\n<p>Le client accepte d&#8217;avance avec l&#8217;avocat un montant total pour l&#8217;assistance demand\u00e9e.<\/p>\n<ol start=\"3\">\n<li><strong>Contrat annuel \/ accord-cadre<\/strong><\/li>\n<\/ol>\n<p>Avec ce type d&#8217;accord, le client prend des dispositions avec l&#8217;avocat concernant les notes d&#8217;honoraires dans les cas \u00e0 traiter. Les tarifs peuvent \u00eatre d\u00e9finis ici, sur la base des exp\u00e9riences acquises dans des cas pr\u00e9c\u00e9dents.<\/p>\n<p>L\u00e0 encore, des facteurs sp\u00e9ciaux peuvent \u00eatre pris en compte : urgence, connaissances sp\u00e9cialis\u00e9es ou importance et nature du cas.<\/p>\n<ol start=\"4\">\n<li><strong>pourcentage<\/strong><\/li>\n<\/ol>\n<p>Dans les cas o\u00f9 l\u2019accent est mis sur la collecte de fonds, le montant des frais peut \u00eatre d\u00e9termin\u00e9 sur la base d\u2019un pourcentage de la demande.<\/p>\n<p>Le client accepte alors d&#8217;avance l&#8217;avocat sur la base d&#8217;un pourcentage du montant collect\u00e9.<\/p>\n<ol start=\"5\">\n<li><strong>Autres possibilit\u00e9s<\/strong><\/li>\n<\/ol>\n<p>D&#8217;autres m\u00e9thodes ou une combinaison des m\u00e9thodes ci-dessus sont \u00e9galement possibles. Ceci, bien s\u00fbr, tant que les m\u00e9thodes ne sont pas en conflit avec les r\u00e8gles professionnelles et comportementales existantes de l&#8217;avocat.<\/p>\n<ol start=\"6\">\n<li><strong>Paiement anticip\u00e9 &#8211; commission<\/strong><\/li>\n<\/ol>\n<p>L\u2019avocat est d\u00e9ontologiquement oblig\u00e9 de vous demander, pendant l\u2019existence du dossier, de d\u00e9poser une avance sur la facture finale sur son compte de bureau, appel\u00e9 &#8220;notes de commission&#8221;.<\/p>\n","protected":false},"excerpt":{"rendered":"<p>La prestation du bureau peut \u00eatre factur\u00e9e de diff\u00e9rentes mani\u00e8res. En plus des frais, qui incluent des frais pour les<\/p>\n","protected":false},"author":2,"featured_media":0,"parent":0,"menu_order":0,"comment_status":"closed","ping_status":"closed","template":"","meta":{"footnotes":""},"class_list":["post-443","page","type-page","status-publish","hentry"],"_links":{"self":[{"href":"https:\/\/www.fr.schrevens-michiels-law.be\/index.php?rest_route=\/wp\/v2\/pages\/443","targetHints":{"allow":["GET"]}}],"collection":[{"href":"https:\/\/www.fr.schrevens-michiels-law.be\/index.php?rest_route=\/wp\/v2\/pages"}],"about":[{"href":"https:\/\/www.fr.schrevens-michiels-law.be\/index.php?rest_route=\/wp\/v2\/types\/page"}],"author":[{"embeddable":true,"href":"https:\/\/www.fr.schrevens-michiels-law.be\/index.php?rest_route=\/wp\/v2\/users\/2"}],"replies":[{"embeddable":true,"href":"https:\/\/www.fr.schrevens-michiels-law.be\/index.php?rest_route=%2Fwp%2Fv2%2Fcomments&post=443"}],"version-history":[{"count":3,"href":"https:\/\/www.fr.schrevens-michiels-law.be\/index.php?rest_route=\/wp\/v2\/pages\/443\/revisions"}],"predecessor-version":[{"id":1595,"href":"https:\/\/www.fr.schrevens-michiels-law.be\/index.php?rest_route=\/wp\/v2\/pages\/443\/revisions\/1595"}],"wp:attachment":[{"href":"https:\/\/www.fr.schrevens-michiels-law.be\/index.php?rest_route=%2Fwp%2Fv2%2Fmedia&parent=443"}],"curies":[{"name":"wp","href":"https:\/\/api.w.org\/{rel}","templated":true}]}}