{"id":447,"date":"2018-05-17T14:12:42","date_gmt":"2018-05-17T14:12:42","guid":{"rendered":"http:\/\/www.schrevens-michiels-law.be\/?page_id=447"},"modified":"2019-07-18T12:27:39","modified_gmt":"2019-07-18T12:27:39","slug":"bemiddeling-in-familiezaken","status":"publish","type":"page","link":"https:\/\/www.fr.schrevens-michiels-law.be\/?page_id=447","title":{"rendered":"M\u00e9diation en mati\u00e8re familiale"},"content":{"rendered":"<p>Des conflits surviennent r\u00e9guli\u00e8rement entre les personnes.<\/p>\n<p>Si les conflits ne trouvent pas de solution ou sont r\u00e9gl\u00e9s par la force ou la contrainte, ces personnes veulent souvent obtenir leur &#8220;droit&#8221; par le biais de proc\u00e9dures juridiques.<\/p>\n<p>Trop souvent, les instruments judiciaires sont utilis\u00e9s et \/ ou utilis\u00e9s abusivement pour permettre une lutte de pouvoir.<\/p>\n<p>Les parties n&#8217;ont plus le conflit en main; c&#8217;est pour ainsi dire mener une vie propre, parfois s\u00e9par\u00e9e des souhaits de l&#8217;une ou des deux parties. Il n&#8217;y aura alors plus de litige pour trouver une solution, seulement pour gagner, pour rencontrer l&#8217;adversaire et lui causer du tort. Chaque mouvement provoque un contre-mouvement et le processus peut durer des ann\u00e9es.<\/p>\n<p>Un processus aussi long est une affaire passionnante, longue et consommatrice d\u2019\u00e9nergie pour les deux parties. Les proc\u00e9dures de divorce et les proc\u00e9dures engag\u00e9es entre membres de la famille devant les tribunaux sont g\u00e9n\u00e9ralement tr\u00e8s charg\u00e9es d&#8217;\u00e9motion et d\u00e9g\u00e9n\u00e8rent souvent en une v\u00e9ritable bataille, avec des cons\u00e9quences d\u00e9vastatrices pour toutes les personnes impliqu\u00e9es.<\/p>\n<p>Avocat ayant une vaste exp\u00e9rience et un int\u00e9r\u00eat particulier pour le droit de la famille. Nadia Michiels doit remarquer ce qui peut avoir de mauvaises cons\u00e9quences pour le peuple.<\/p>\n<p>C\u2019est donc de ce fait que M. Nadia Michiels s&#8217;est concentr\u00e9e en 1999 sur la formation postuniversitaire en tant qu&#8217;avocat-m\u00e9diatrice en droit de la famille. Elle a appris que cela pouvait aussi \u00eatre fait diff\u00e9remment, en accordant plus d&#8217;attention \u00e0 l&#8217;\u00eatre humain en lui-m\u00eame et \u00e0 l&#8217;ensemble de l&#8217;\u00eatre humain, affaires, aspects m\u00e9dicaux.<\/p>\n<p>Les personnes qui ont d\u00e9cid\u00e9 conjointement qu\u2019elles sont les meilleures les unes des autres ou qu\u2019une solution juridique doit \u00eatre recherch\u00e9e et que l\u2019on doit les guider dans cette proc\u00e9dure (juridique), un avocat-m\u00e9diateur en mati\u00e8re de famille, tel que Nadia Michiels, contactez-nous.<\/p>\n<p>En tant qu&#8217;avocat-m\u00e9diatrice aux affaires familiales, elle est sp\u00e9cialement form\u00e9e pour intervenir dans toutes les affaires familiales possibles. Avec son aide et sous sa direction, les partenaires discutent entre eux des divers probl\u00e8mes \u00e0 r\u00e9gler en cas de divorce. Il est suppos\u00e9 que les partenaires ont un int\u00e9r\u00eat commun dans leur divorce, \u00e0 savoir mettre fin \u00e0 la relation d\u2019une mani\u00e8re per\u00e7ue comme correcte par les deux.<\/p>\n<p>Monsieur Michiels peut \u00e9galement superviser des parties dans des affaires de droit de la famille plus vastes, telles que des conflits, des grands-parents, des petits-enfants, des probl\u00e8mes de succession, des accords de succession, etc.<\/p>\n<h6><a href=\"http:\/\/www.fr.schrevens-michiels-law.be\/?page_id=447\"><span style=\"color: #1e73be;\"><span style=\"color: #ff0000;\">\u2192<\/span>M\u00e9diation en mati\u00e8re familiale<img loading=\"lazy\" decoding=\"async\" class=\"alignright wp-image-760\" src=\"http:\/\/www.fr.schrevens-michiels-law.be\/wp-content\/uploads\/2018\/09\/7H9A8095-e1535840202823-300x200.jpg\" alt=\"\" width=\"500\" height=\"333\" srcset=\"https:\/\/www.fr.schrevens-michiels-law.be\/wp-content\/uploads\/2018\/09\/7H9A8095-e1535840202823-300x200.jpg 300w, https:\/\/www.fr.schrevens-michiels-law.be\/wp-content\/uploads\/2018\/09\/7H9A8095-e1535840202823-768x512.jpg 768w, https:\/\/www.fr.schrevens-michiels-law.be\/wp-content\/uploads\/2018\/09\/7H9A8095-e1535840202823-1024x683.jpg 1024w\" sizes=\"auto, (max-width: 500px) 100vw, 500px\" \/><\/span><\/a><br \/>\n<a href=\"http:\/\/www.fr.schrevens-michiels-law.be\/?page_id=449\"><span style=\"color: #1e73be;\"> Am\u00e9lioration de la communication et de l&#8217;information<\/span><\/a><br \/>\n<a href=\"http:\/\/www.fr.schrevens-michiels-law.be\/?page_id=451\"><span style=\"color: #1e73be;\"> Manipulation en douceur<\/span><\/a><br \/>\n<a href=\"http:\/\/www.fr.schrevens-michiels-law.be\/?page_id=453\"><span style=\"color: #1e73be;\"> Traitement de la s\u00e9paration<\/span><\/a><br \/>\n<a href=\"http:\/\/www.fr.schrevens-michiels-law.be\/?page_id=455\"><span style=\"color: #1e73be;\"> Prix de revient<\/span><\/a><br \/>\n<a href=\"http:\/\/www.fr.schrevens-michiels-law.be\/?page_id=457\"><span style=\"color: #1e73be;\"> Clart\u00e9<\/span><\/a><br \/>\n<a href=\"http:\/\/www.fr.schrevens-michiels-law.be\/?page_id=459\"><span style=\"color: #1e73be;\"> Pratique<\/span><\/a><br \/>\n<a href=\"http:\/\/www.fr.schrevens-michiels-law.be\/?page_id=461\"><span style=\"color: #1e73be;\"> Tarifs<\/span><\/a><\/h6>\n","protected":false},"excerpt":{"rendered":"<p>Des conflits surviennent r\u00e9guli\u00e8rement entre les personnes. Si les conflits ne trouvent pas de solution ou sont r\u00e9gl\u00e9s par la<\/p>\n","protected":false},"author":2,"featured_media":0,"parent":0,"menu_order":0,"comment_status":"closed","ping_status":"closed","template":"","meta":{"footnotes":""},"class_list":["post-447","page","type-page","status-publish","hentry"],"_links":{"self":[{"href":"https:\/\/www.fr.schrevens-michiels-law.be\/index.php?rest_route=\/wp\/v2\/pages\/447","targetHints":{"allow":["GET"]}}],"collection":[{"href":"https:\/\/www.fr.schrevens-michiels-law.be\/index.php?rest_route=\/wp\/v2\/pages"}],"about":[{"href":"https:\/\/www.fr.schrevens-michiels-law.be\/index.php?rest_route=\/wp\/v2\/types\/page"}],"author":[{"embeddable":true,"href":"https:\/\/www.fr.schrevens-michiels-law.be\/index.php?rest_route=\/wp\/v2\/users\/2"}],"replies":[{"embeddable":true,"href":"https:\/\/www.fr.schrevens-michiels-law.be\/index.php?rest_route=%2Fwp%2Fv2%2Fcomments&post=447"}],"version-history":[{"count":6,"href":"https:\/\/www.fr.schrevens-michiels-law.be\/index.php?rest_route=\/wp\/v2\/pages\/447\/revisions"}],"predecessor-version":[{"id":1255,"href":"https:\/\/www.fr.schrevens-michiels-law.be\/index.php?rest_route=\/wp\/v2\/pages\/447\/revisions\/1255"}],"wp:attachment":[{"href":"https:\/\/www.fr.schrevens-michiels-law.be\/index.php?rest_route=%2Fwp%2Fv2%2Fmedia&parent=447"}],"curies":[{"name":"wp","href":"https:\/\/api.w.org\/{rel}","templated":true}]}}