{"id":449,"date":"2018-05-17T14:13:08","date_gmt":"2018-05-17T14:13:08","guid":{"rendered":"http:\/\/www.schrevens-michiels-law.be\/?page_id=449"},"modified":"2025-08-14T08:42:18","modified_gmt":"2025-08-14T08:42:18","slug":"verbetering-van-communicatie-en-informatie","status":"publish","type":"page","link":"https:\/\/www.fr.schrevens-michiels-law.be\/?page_id=449","title":{"rendered":"Am\u00e9lioration de la communication et de l&#8217;information"},"content":{"rendered":"<p>La psychologie du divorce est souvent contre-productive dans une proc\u00e9dure traditionnelle \u00e0 deux avocats. L\u2019agression et la r\u00e9partition de la dette se traduisent par des p\u00e9titions, des d\u00e9fenses et des r\u00e9ponses ou par la correspondance entre avocats. Le processus juridique est distinct du processus humain, qui est la s\u00e9paration. Il y a des hypoth\u00e8ses incorrectes sur les intentions de chacun.<\/p>\n<p>Ce n&#8217;est pas le cas lorsque vous essayez de r\u00e9soudre le conflit de s\u00e9paration par la m\u00e9diation. Dans ce cas, les partenaires sont inform\u00e9s simultan\u00e9ment et simultan\u00e9ment. L&#8217;information mutuelle et la d\u00e9termination des faits vont plus vite. En raison d&#8217;une communication meilleure et plus directe, la relation ne doit pas \u00eatre compl\u00e8tement rompue.<\/p>\n","protected":false},"excerpt":{"rendered":"<p>La psychologie du divorce est souvent contre-productive dans une proc\u00e9dure traditionnelle \u00e0 deux avocats. L\u2019agression et la r\u00e9partition de la<\/p>\n","protected":false},"author":2,"featured_media":0,"parent":0,"menu_order":0,"comment_status":"closed","ping_status":"closed","template":"","meta":{"footnotes":""},"class_list":["post-449","page","type-page","status-publish","hentry"],"_links":{"self":[{"href":"https:\/\/www.fr.schrevens-michiels-law.be\/index.php?rest_route=\/wp\/v2\/pages\/449","targetHints":{"allow":["GET"]}}],"collection":[{"href":"https:\/\/www.fr.schrevens-michiels-law.be\/index.php?rest_route=\/wp\/v2\/pages"}],"about":[{"href":"https:\/\/www.fr.schrevens-michiels-law.be\/index.php?rest_route=\/wp\/v2\/types\/page"}],"author":[{"embeddable":true,"href":"https:\/\/www.fr.schrevens-michiels-law.be\/index.php?rest_route=\/wp\/v2\/users\/2"}],"replies":[{"embeddable":true,"href":"https:\/\/www.fr.schrevens-michiels-law.be\/index.php?rest_route=%2Fwp%2Fv2%2Fcomments&post=449"}],"version-history":[{"count":6,"href":"https:\/\/www.fr.schrevens-michiels-law.be\/index.php?rest_route=\/wp\/v2\/pages\/449\/revisions"}],"predecessor-version":[{"id":1608,"href":"https:\/\/www.fr.schrevens-michiels-law.be\/index.php?rest_route=\/wp\/v2\/pages\/449\/revisions\/1608"}],"wp:attachment":[{"href":"https:\/\/www.fr.schrevens-michiels-law.be\/index.php?rest_route=%2Fwp%2Fv2%2Fmedia&parent=449"}],"curies":[{"name":"wp","href":"https:\/\/api.w.org\/{rel}","templated":true}]}}