{"id":453,"date":"2018-05-17T14:13:43","date_gmt":"2018-05-17T14:13:43","guid":{"rendered":"http:\/\/www.schrevens-michiels-law.be\/?page_id=453"},"modified":"2025-08-14T08:22:21","modified_gmt":"2025-08-14T08:22:21","slug":"verwerking-van-de-scheiding","status":"publish","type":"page","link":"https:\/\/www.fr.schrevens-michiels-law.be\/?page_id=453","title":{"rendered":"Traitement de la s\u00e9paration"},"content":{"rendered":"<p>Dans le duel juridique, les conflits \u00e9motionnels sont gonfl\u00e9s plut\u00f4t que r\u00e9duits.<\/p>\n<p>La m\u00e9diation en divorce r\u00e9duit les conflits par la consultation et l&#8217;\u00e9change d&#8217;\u00e9motions. Le processus psychologique de s\u00e9paration n&#8217;est pas perturb\u00e9, au contraire, les r\u00e8glements \u00e9motionnels et commerciaux se d\u00e9roulent en parall\u00e8le. Cela donne au conflit la chance de devenir plus rationnel et la possibilit\u00e9 de divorcer par consentement mutuel devient plus grande.<\/p>\n","protected":false},"excerpt":{"rendered":"<p>Dans le duel juridique, les conflits \u00e9motionnels sont gonfl\u00e9s plut\u00f4t que r\u00e9duits. La m\u00e9diation en divorce r\u00e9duit les conflits par<\/p>\n","protected":false},"author":2,"featured_media":0,"parent":0,"menu_order":0,"comment_status":"closed","ping_status":"closed","template":"","meta":{"footnotes":""},"class_list":["post-453","page","type-page","status-publish","hentry"],"_links":{"self":[{"href":"https:\/\/www.fr.schrevens-michiels-law.be\/index.php?rest_route=\/wp\/v2\/pages\/453","targetHints":{"allow":["GET"]}}],"collection":[{"href":"https:\/\/www.fr.schrevens-michiels-law.be\/index.php?rest_route=\/wp\/v2\/pages"}],"about":[{"href":"https:\/\/www.fr.schrevens-michiels-law.be\/index.php?rest_route=\/wp\/v2\/types\/page"}],"author":[{"embeddable":true,"href":"https:\/\/www.fr.schrevens-michiels-law.be\/index.php?rest_route=\/wp\/v2\/users\/2"}],"replies":[{"embeddable":true,"href":"https:\/\/www.fr.schrevens-michiels-law.be\/index.php?rest_route=%2Fwp%2Fv2%2Fcomments&post=453"}],"version-history":[{"count":6,"href":"https:\/\/www.fr.schrevens-michiels-law.be\/index.php?rest_route=\/wp\/v2\/pages\/453\/revisions"}],"predecessor-version":[{"id":1601,"href":"https:\/\/www.fr.schrevens-michiels-law.be\/index.php?rest_route=\/wp\/v2\/pages\/453\/revisions\/1601"}],"wp:attachment":[{"href":"https:\/\/www.fr.schrevens-michiels-law.be\/index.php?rest_route=%2Fwp%2Fv2%2Fmedia&parent=453"}],"curies":[{"name":"wp","href":"https:\/\/api.w.org\/{rel}","templated":true}]}}