{"id":457,"date":"2018-05-17T14:14:10","date_gmt":"2018-05-17T14:14:10","guid":{"rendered":"http:\/\/www.schrevens-michiels-law.be\/?page_id=457"},"modified":"2025-08-14T08:39:00","modified_gmt":"2025-08-14T08:39:00","slug":"duidelijkheid","status":"publish","type":"page","link":"https:\/\/www.fr.schrevens-michiels-law.be\/?page_id=457","title":{"rendered":"Clart\u00e9"},"content":{"rendered":"<p>La proc\u00e9dure judiciaire classique est souvent la cause et \/ ou la cause de nouvelles proc\u00e9dures, car la d\u00e9cision du tribunal n\u2019est pas clairement formul\u00e9e.<\/p>\n<p>Le r\u00e8glement qui est \u00e9tabli apr\u00e8s la m\u00e9diation est clair. Les deux partenaires y ont travaill\u00e9 et savent o\u00f9 ils en sont et ce qui va se passer.<\/p>\n<p>La loi du 19 f\u00e9vrier 2001 sur la conciliation proc\u00e9durale en mati\u00e8re familiale, entr\u00e9e en vigueur le 1er octobre 2001, pr\u00e9voit la possibilit\u00e9 pour les parties qui m\u00e8nent d\u00e9j\u00e0 une proc\u00e9dure devant la Cour de demander \u00e0 tout moment \u00e0 la Cour de d\u00e9signer un m\u00e9diateur pour: faire office de m\u00e9diateur dans le litige pendant entre eux.<\/p>\n","protected":false},"excerpt":{"rendered":"<p>La proc\u00e9dure judiciaire classique est souvent la cause et \/ ou la cause de nouvelles proc\u00e9dures, car la d\u00e9cision du<\/p>\n","protected":false},"author":2,"featured_media":0,"parent":0,"menu_order":0,"comment_status":"closed","ping_status":"closed","template":"","meta":{"footnotes":""},"class_list":["post-457","page","type-page","status-publish","hentry"],"_links":{"self":[{"href":"https:\/\/www.fr.schrevens-michiels-law.be\/index.php?rest_route=\/wp\/v2\/pages\/457","targetHints":{"allow":["GET"]}}],"collection":[{"href":"https:\/\/www.fr.schrevens-michiels-law.be\/index.php?rest_route=\/wp\/v2\/pages"}],"about":[{"href":"https:\/\/www.fr.schrevens-michiels-law.be\/index.php?rest_route=\/wp\/v2\/types\/page"}],"author":[{"embeddable":true,"href":"https:\/\/www.fr.schrevens-michiels-law.be\/index.php?rest_route=\/wp\/v2\/users\/2"}],"replies":[{"embeddable":true,"href":"https:\/\/www.fr.schrevens-michiels-law.be\/index.php?rest_route=%2Fwp%2Fv2%2Fcomments&post=457"}],"version-history":[{"count":6,"href":"https:\/\/www.fr.schrevens-michiels-law.be\/index.php?rest_route=\/wp\/v2\/pages\/457\/revisions"}],"predecessor-version":[{"id":1607,"href":"https:\/\/www.fr.schrevens-michiels-law.be\/index.php?rest_route=\/wp\/v2\/pages\/457\/revisions\/1607"}],"wp:attachment":[{"href":"https:\/\/www.fr.schrevens-michiels-law.be\/index.php?rest_route=%2Fwp%2Fv2%2Fmedia&parent=457"}],"curies":[{"name":"wp","href":"https:\/\/api.w.org\/{rel}","templated":true}]}}