{"id":461,"date":"2018-05-17T14:14:48","date_gmt":"2018-05-17T14:14:48","guid":{"rendered":"http:\/\/www.schrevens-michiels-law.be\/?page_id=461"},"modified":"2025-08-14T08:37:53","modified_gmt":"2025-08-14T08:37:53","slug":"tarieven-nm","status":"publish","type":"page","link":"https:\/\/www.fr.schrevens-michiels-law.be\/?page_id=461","title":{"rendered":"Tarifs m\u00e9diation"},"content":{"rendered":"<p><strong>&#8230; en mati\u00e8re familiale<\/strong><\/p>\n<p>Les co\u00fbts incluent les honoraires et les frais administratifs de l&#8217;avocat m\u00e9diateur.<\/p>\n<p>Les honoraires et les frais administratifs sont ind\u00e9pendants du r\u00e9sultat obtenu ou du succ\u00e8s de la m\u00e9diation.<\/p>\n<p><strong>Tarifs des frais d&#8217;administration:<\/strong><\/p>\n<p>+ frais g\u00e9n\u00e9raux d&#8217;administration: 82,00 \u20ac<\/p>\n<p>+ dactylographie (correspondance, fax, accord): 13,20 \u20ac \/ p.<\/p>\n<p>+ copies: 0,55 \u20ac \/ pi\u00e8ce<\/p>\n<p>+ e-mail: 8,80 \u20ac \/ pi\u00e8ce<\/p>\n<p>+ feux de certificats \/ documents: prix de l&#8217;article<\/p>\n<p><strong>Frais de la taxe:<\/strong><\/p>\n<p>+ discussions avec les partenaires (sessions), travaux de recherche et d&#8217;\u00e9dition: a convenir<\/p>\n<p>Chaque session dure jusqu&#8217;\u00e0 une heure trente minutes, sauf circonstances exceptionnelles.<\/p>\n<p>Les partenaires paient une part \u00e9gale des co\u00fbts et seront tenus solidairement, sauf convention contraire.<\/p>\n<p>Les autres frais sont \u00e0 la charge de la partie qui les fait, sauf convention contraire.<\/p>\n<p>L&#8217;avocat-m\u00e9diateur demandera r\u00e9guli\u00e8rement une commission \u00e0 la m\u00e9diation pour les frais administratifs, la recherche et l&#8217;\u00e9dition.<\/p>\n<p>Les frais par session sont organis\u00e9s par session.<\/p>\n","protected":false},"excerpt":{"rendered":"<p>&#8230; en mati\u00e8re familiale Les co\u00fbts incluent les honoraires et les frais administratifs de l&#8217;avocat m\u00e9diateur. Les honoraires et les<\/p>\n","protected":false},"author":2,"featured_media":0,"parent":0,"menu_order":0,"comment_status":"closed","ping_status":"closed","template":"","meta":{"footnotes":""},"class_list":["post-461","page","type-page","status-publish","hentry"],"_links":{"self":[{"href":"https:\/\/www.fr.schrevens-michiels-law.be\/index.php?rest_route=\/wp\/v2\/pages\/461","targetHints":{"allow":["GET"]}}],"collection":[{"href":"https:\/\/www.fr.schrevens-michiels-law.be\/index.php?rest_route=\/wp\/v2\/pages"}],"about":[{"href":"https:\/\/www.fr.schrevens-michiels-law.be\/index.php?rest_route=\/wp\/v2\/types\/page"}],"author":[{"embeddable":true,"href":"https:\/\/www.fr.schrevens-michiels-law.be\/index.php?rest_route=\/wp\/v2\/users\/2"}],"replies":[{"embeddable":true,"href":"https:\/\/www.fr.schrevens-michiels-law.be\/index.php?rest_route=%2Fwp%2Fv2%2Fcomments&post=461"}],"version-history":[{"count":10,"href":"https:\/\/www.fr.schrevens-michiels-law.be\/index.php?rest_route=\/wp\/v2\/pages\/461\/revisions"}],"predecessor-version":[{"id":1605,"href":"https:\/\/www.fr.schrevens-michiels-law.be\/index.php?rest_route=\/wp\/v2\/pages\/461\/revisions\/1605"}],"wp:attachment":[{"href":"https:\/\/www.fr.schrevens-michiels-law.be\/index.php?rest_route=%2Fwp%2Fv2%2Fmedia&parent=461"}],"curies":[{"name":"wp","href":"https:\/\/api.w.org\/{rel}","templated":true}]}}