{"id":658,"date":"2018-06-22T09:26:15","date_gmt":"2018-06-22T09:26:15","guid":{"rendered":"http:\/\/www.schrevens-michiels-law.be\/?page_id=658"},"modified":"2025-08-14T08:00:22","modified_gmt":"2025-08-14T08:00:22","slug":"disclaimer","status":"publish","type":"page","link":"https:\/\/www.fr.schrevens-michiels-law.be\/?page_id=658","title":{"rendered":"Disclaimer"},"content":{"rendered":"<p style=\"text-align: left;\">Les informations affich\u00e9es sur ce site web, ainsi que les hyperliens auxquels il est fait r\u00e9f\u00e9rence,sont uniquement destin\u00e9 \u00e0 fournir des informations g\u00e9n\u00e9rales sur le cabinet et les probl\u00e8mes trait\u00e9s par le cabinet. Aucun droit ou r\u00e9clamation ne peut en \u00eatre d\u00e9riv\u00e9. Le cabinet se r\u00e9serve \u00e9galement le droit de \u00e0 tout moment pour ajuster, modifier ou supprimer le contenu du site.<\/p>\n<p>&nbsp;<\/p>\n<h6 style=\"text-align: right;\"><a href=\"http:\/\/www.fr.schrevens-michiels-law.be\/?page_id=465\">Dispositions l\u00e9gales et autres<\/a><\/h6>\n<h6 style=\"text-align: right;\"><a href=\"http:\/\/www.fr.schrevens-michiels-law.be\/?page_id=653\">R\u00e9glement extrajudiciaire des l\u00e9tiges<\/a><\/h6>\n<h6 style=\"text-align: right;\"><a href=\"http:\/\/www.fr.schrevens-michiels-law.be\/?page_id=678\">Termes et conditions<\/a><\/h6>\n<h6 style=\"text-align: right;\"><strong><span style=\"color: #ff0000;\">\u2192<\/span><\/strong><a href=\"http:\/\/www.fr.schrevens-michiels-law.be\/?page_id=658\">Disclaimer<\/a><\/h6>\n<h6 style=\"text-align: right;\"><a href=\"http:\/\/www.fr.schrevens-michiels-law.be\/?page_id=660\">Mod\u00e8le d&#8217;accord<\/a><\/h6>\n<h6 style=\"text-align: right;\"><a href=\"http:\/\/www.fr.schrevens-michiels-law.be\/?page_id=664\">Responsabilit\u00e9 professionnelle<\/a><\/h6>\n<h6 style=\"text-align: right;\"><a href=\"http:\/\/www.fr.schrevens-michiels-law.be\/?page_id=667\">Information de facturation<\/a><\/h6>\n","protected":false},"excerpt":{"rendered":"<p>Les informations affich\u00e9es sur ce site web, ainsi que les hyperliens auxquels il est fait r\u00e9f\u00e9rence,sont uniquement destin\u00e9 \u00e0 fournir<\/p>\n","protected":false},"author":2,"featured_media":0,"parent":0,"menu_order":0,"comment_status":"closed","ping_status":"closed","template":"","meta":{"footnotes":""},"class_list":["post-658","page","type-page","status-publish","hentry"],"_links":{"self":[{"href":"https:\/\/www.fr.schrevens-michiels-law.be\/index.php?rest_route=\/wp\/v2\/pages\/658","targetHints":{"allow":["GET"]}}],"collection":[{"href":"https:\/\/www.fr.schrevens-michiels-law.be\/index.php?rest_route=\/wp\/v2\/pages"}],"about":[{"href":"https:\/\/www.fr.schrevens-michiels-law.be\/index.php?rest_route=\/wp\/v2\/types\/page"}],"author":[{"embeddable":true,"href":"https:\/\/www.fr.schrevens-michiels-law.be\/index.php?rest_route=\/wp\/v2\/users\/2"}],"replies":[{"embeddable":true,"href":"https:\/\/www.fr.schrevens-michiels-law.be\/index.php?rest_route=%2Fwp%2Fv2%2Fcomments&post=658"}],"version-history":[{"count":4,"href":"https:\/\/www.fr.schrevens-michiels-law.be\/index.php?rest_route=\/wp\/v2\/pages\/658\/revisions"}],"predecessor-version":[{"id":1591,"href":"https:\/\/www.fr.schrevens-michiels-law.be\/index.php?rest_route=\/wp\/v2\/pages\/658\/revisions\/1591"}],"wp:attachment":[{"href":"https:\/\/www.fr.schrevens-michiels-law.be\/index.php?rest_route=%2Fwp%2Fv2%2Fmedia&parent=658"}],"curies":[{"name":"wp","href":"https:\/\/api.w.org\/{rel}","templated":true}]}}