{"id":933,"date":"2018-11-24T09:42:28","date_gmt":"2018-11-24T09:42:28","guid":{"rendered":"http:\/\/www.schrevens-michiels-law.be\/?page_id=933"},"modified":"2025-08-14T06:54:58","modified_gmt":"2025-08-14T06:54:58","slug":"publicaties","status":"publish","type":"page","link":"https:\/\/www.fr.schrevens-michiels-law.be\/?page_id=933","title":{"rendered":"Actualit\u00e9s &#038; blog"},"content":{"rendered":"<p data-start=\"50\" data-end=\"373\">Au cabinet d\u2019avocats Schrevens &amp; Michiels, nous nous effor\u00e7ons de rendre les th\u00e8mes juridiques clairs et accessibles \u00e0 tous. \u00c0 travers ce blog, nous partageons des analyses, expliquons l\u2019actualit\u00e9 et proposons des conseils pratiques sur des sujets qui nous tiennent \u00e0 c\u0153ur, ainsi qu\u2019\u00e0 nos clients.<\/p>\n<p data-start=\"375\" data-end=\"761\">Ainsi, dans notre article <em data-start=\"401\" data-end=\"473\">\u00ab <a href=\"https:\/\/www.fr.schrevens-michiels-law.be\/?page_id=1450\">Que faire si votre enfant consomme (\u00e9ventuellement) de la drogue ?<\/a> \u00bb<\/em>, nous expliquons comment les parents peuvent g\u00e9rer cette situation d\u00e9licate et quels aspects juridiques entrent en jeu. De m\u00eame, dans <em data-start=\"608\" data-end=\"668\">\u00ab <a href=\"https:\/\/www.fr.schrevens-michiels-law.be\/?page_id=1452\">Le menottage des mineurs : une mesure exceptionnelle ?<\/a> \u00bb<\/em>, nous abordons les droits des mineurs et la l\u00e9gitimit\u00e9 de certaines techniques polici\u00e8res.<\/p>\n<p data-start=\"763\" data-end=\"1095\">Nous vous invitons \u00e0 consulter r\u00e9guli\u00e8rement notre blog pour d\u00e9couvrir de nouveaux articles traitant de sujets juridiques d\u2019actualit\u00e9, toujours avec un accent particulier sur la personne derri\u00e8re le dossier. Vous avez un sujet sur lequel vous souhaitez en savoir plus ? N\u2019h\u00e9sitez pas \u00e0 nous le faire savoir via la page de contact.<\/p>\n","protected":false},"excerpt":{"rendered":"<p>Au cabinet d\u2019avocats Schrevens &amp; Michiels, nous nous effor\u00e7ons de rendre les th\u00e8mes juridiques clairs et accessibles \u00e0 tous. \u00c0<\/p>\n","protected":false},"author":2,"featured_media":0,"parent":0,"menu_order":0,"comment_status":"closed","ping_status":"closed","template":"","meta":{"footnotes":""},"class_list":["post-933","page","type-page","status-publish","hentry"],"_links":{"self":[{"href":"https:\/\/www.fr.schrevens-michiels-law.be\/index.php?rest_route=\/wp\/v2\/pages\/933","targetHints":{"allow":["GET"]}}],"collection":[{"href":"https:\/\/www.fr.schrevens-michiels-law.be\/index.php?rest_route=\/wp\/v2\/pages"}],"about":[{"href":"https:\/\/www.fr.schrevens-michiels-law.be\/index.php?rest_route=\/wp\/v2\/types\/page"}],"author":[{"embeddable":true,"href":"https:\/\/www.fr.schrevens-michiels-law.be\/index.php?rest_route=\/wp\/v2\/users\/2"}],"replies":[{"embeddable":true,"href":"https:\/\/www.fr.schrevens-michiels-law.be\/index.php?rest_route=%2Fwp%2Fv2%2Fcomments&post=933"}],"version-history":[{"count":5,"href":"https:\/\/www.fr.schrevens-michiels-law.be\/index.php?rest_route=\/wp\/v2\/pages\/933\/revisions"}],"predecessor-version":[{"id":1497,"href":"https:\/\/www.fr.schrevens-michiels-law.be\/index.php?rest_route=\/wp\/v2\/pages\/933\/revisions\/1497"}],"wp:attachment":[{"href":"https:\/\/www.fr.schrevens-michiels-law.be\/index.php?rest_route=%2Fwp%2Fv2%2Fmedia&parent=933"}],"curies":[{"name":"wp","href":"https:\/\/api.w.org\/{rel}","templated":true}]}}